{"id":5999,"date":"2026-02-17T22:08:57","date_gmt":"2026-02-17T22:08:57","guid":{"rendered":"https:\/\/parklight.com.tr\/?page_id=5999"},"modified":"2026-03-11T20:16:50","modified_gmt":"2026-03-11T20:16:50","slug":"referanslarimiz","status":"publish","type":"page","link":"https:\/\/parklight.com.tr\/?page_id=5999","title":{"rendered":"Referanslar\u0131m\u0131z"},"content":{"rendered":"[vc_row type=&#8221;full_width_content&#8221; full_screen_row_position=&#8221;middle&#8221; column_margin=&#8221;default&#8221; equal_height=&#8221;yes&#8221; content_placement=&#8221;middle&#8221; column_direction=&#8221;default&#8221; column_direction_tablet=&#8221;default&#8221; column_direction_phone=&#8221;default&#8221; bg_color=&#8221;#edeef1&#8243; full_height=&#8221;yes&#8221; columns_placement=&#8221;stretch&#8221; animated_gradient_bg=&#8221;true&#8221; animated_gradient_bg_color_1=&#8221;#ecb5ff&#8221; animated_gradient_bg_speed=&#8221;850&#8243; animated_gradient_bg_blending_mode=&#8221;linear&#8221; scene_position=&#8221;center&#8221; text_color=&#8221;dark&#8221; text_align=&#8221;left&#8221; row_border_radius=&#8221;none&#8221; row_border_radius_applies=&#8221;bg&#8221; overflow=&#8221;hidden&#8221; advanced_gradient_angle=&#8221;15&#8243; overlay_strength=&#8221;0.3&#8243; gradient_direction=&#8221;left_to_right&#8221; shape_divider_position=&#8221;bottom&#8221; bg_image_animation=&#8221;clip-path&#8221; clip_path_animation_type=&#8221;default&#8221; clip_path_animation_applies=&#8221;row&#8221; clip_path_start_top_desktop=&#8221;0px&#8221; clip_path_start_bottom_desktop=&#8221;0px&#8221; clip_path_start_left_desktop=&#8221;0px&#8221; clip_path_start_right_desktop=&#8221;0px&#8221; clip_path_end_top_desktop=&#8221;30px&#8221; clip_path_end_bottom_desktop=&#8221;30px&#8221; clip_path_end_left_desktop=&#8221;30px&#8221; clip_path_end_right_desktop=&#8221;30px&#8221; clip_path_end_top_phone=&#8221;50px&#8221; clip_path_end_bottom_phone=&#8221;24px&#8221; clip_path_end_left_phone=&#8221;24px&#8221; clip_path_end_right_phone=&#8221;24px&#8221; clip_path_start_roundness=&#8221;0&#8243; clip_path_end_roundness=&#8221;20px&#8221; clip_path_animation_addon=&#8221;none&#8221; video_mute=&#8221;true&#8221; shape_type=&#8221;straight_section&#8221; gradient_type=&#8221;default&#8221; bg_image_animation_delay=&#8221;1000&#8243;][vc_column column_padding=&#8221;no-extra-padding&#8221; column_padding_tablet=&#8221;inherit&#8221; column_padding_phone=&#8221;inherit&#8221; column_padding_position=&#8221;all&#8221; column_element_direction_desktop=&#8221;default&#8221; column_element_spacing=&#8221;0px&#8221; desktop_text_alignment=&#8221;default&#8221; tablet_text_alignment=&#8221;default&#8221; phone_text_alignment=&#8221;default&#8221; background_color_opacity=&#8221;1&#8243; background_hover_color_opacity=&#8221;1&#8243; column_backdrop_filter=&#8221;none&#8221; column_shadow=&#8221;none&#8221; column_border_radius=&#8221;none&#8221; column_link_target=&#8221;_self&#8221; column_position=&#8221;static&#8221; advanced_gradient_angle=&#8221;0&#8243; gradient_direction=&#8221;left_to_right&#8221; overlay_strength=&#8221;0.3&#8243; width=&#8221;1\/1&#8243; tablet_width_inherit=&#8221;default&#8221; animation_type=&#8221;parallax&#8221; animation_movement_type=&#8221;default&#8221; column_parallax_intensity=&#8221;-4&#8243; bg_image_animation=&#8221;none&#8221; parallax_bg=&#8221;true&#8221; parallax_bg_speed=&#8221;medium_fast&#8221; border_type=&#8221;simple&#8221; column_border_width=&#8221;none&#8221; column_border_style=&#8221;solid&#8221; gradient_type=&#8221;default&#8221; column_padding_type=&#8221;default&#8221;][vc_row_inner column_margin=&#8221;default&#8221; column_direction=&#8221;default&#8221; column_direction_tablet=&#8221;default&#8221; column_direction_phone=&#8221;default&#8221; top_padding=&#8221;4%&#8221; bottom_padding=&#8221;30&#8243; left_padding_desktop=&#8221;22%&#8221; constrain_group_2=&#8221;yes&#8221; right_padding_desktop=&#8221;22%&#8221; left_padding_phone=&#8221;14%&#8221; constrain_group_6=&#8221;yes&#8221; right_padding_phone=&#8221;14%&#8221; text_align=&#8221;left&#8221; row_position=&#8221;default&#8221; row_position_tablet=&#8221;inherit&#8221; row_position_phone=&#8221;inherit&#8221; overflow=&#8221;visible&#8221; pointer_events=&#8221;all&#8221;][vc_column_inner column_element_direction_desktop=&#8221;default&#8221; column_element_spacing=&#8221;default&#8221; centered_text=&#8221;true&#8221; desktop_text_alignment=&#8221;default&#8221; tablet_text_alignment=&#8221;default&#8221; phone_text_alignment=&#8221;default&#8221; background_color_opacity=&#8221;1&#8243; background_hover_color_opacity=&#8221;1&#8243; column_backdrop_filter=&#8221;none&#8221; column_shadow=&#8221;none&#8221; column_border_radius=&#8221;none&#8221; column_link_target=&#8221;_self&#8221; overflow=&#8221;visible&#8221; advanced_gradient_angle=&#8221;0&#8243; gradient_direction=&#8221;left_to_right&#8221; overlay_strength=&#8221;1&#8243; width=&#8221;1\/1&#8243; tablet_width_inherit=&#8221;default&#8221; animation_type=&#8221;default&#8221; enable_animation=&#8221;true&#8221; animation=&#8221;slight-twist&#8221; animation_easing=&#8221;easeInOutCubic&#8221; bg_image_animation=&#8221;none&#8221; border_type=&#8221;simple&#8221; column_border_width=&#8221;none&#8221; column_border_color=&#8221;rgba(255,255,255,0.22)&#8221; column_border_style=&#8221;solid&#8221; gradient_type=&#8221;default&#8221; column_padding_type=&#8221;advanced&#8221; delay=&#8221;200&#8243;][nectar_highlighted_text scribble_color=&#8221;#000000&#8243; style=&#8221;scribble&#8221; scribble_shape=&#8221;basic-underline&#8221; scribble_thickness=&#8221;thin&#8221; scribble_speed=&#8221;1.8s&#8221; scribble_easing=&#8221;ease_out&#8221; custom_font_size=&#8221;6vw&#8221; delay=&#8221;1000&#8243; font_size_tablet=&#8221;6vw&#8221; font_line_height=&#8221;1.1&#8243; font_size_phone=&#8221;10vw&#8221; text_direction=&#8221;default&#8221;]\n<h1><i>Referanslar\u0131m\u0131z<\/i><\/h1>\n[\/nectar_highlighted_text][\/vc_column_inner][\/vc_row_inner][vc_row_inner column_margin=&#8221;default&#8221; column_direction=&#8221;default&#8221; column_direction_tablet=&#8221;default&#8221; column_direction_phone=&#8221;default&#8221; text_align=&#8221;left&#8221; row_position=&#8221;default&#8221; row_position_tablet=&#8221;inherit&#8221; row_position_phone=&#8221;inherit&#8221; overflow=&#8221;visible&#8221; pointer_events=&#8221;all&#8221;][vc_column_inner left_padding_desktop=&#8221;38%&#8221; constrain_group_101=&#8221;yes&#8221; right_padding_desktop=&#8221;38%&#8221; left_padding_tablet=&#8221;30%&#8221; constrain_group_103=&#8221;yes&#8221; right_padding_tablet=&#8221;30%&#8221; left_padding_phone=&#8221;20%&#8221; constrain_group_105=&#8221;yes&#8221; right_padding_phone=&#8221;20%&#8221; column_element_direction_desktop=&#8221;default&#8221; column_element_spacing=&#8221;default&#8221; centered_text=&#8221;true&#8221; desktop_text_alignment=&#8221;default&#8221; tablet_text_alignment=&#8221;default&#8221; phone_text_alignment=&#8221;default&#8221; background_color_opacity=&#8221;1&#8243; background_hover_color_opacity=&#8221;1&#8243; column_backdrop_filter=&#8221;none&#8221; column_shadow=&#8221;none&#8221; column_border_radius=&#8221;none&#8221; column_link_target=&#8221;_self&#8221; overflow=&#8221;visible&#8221; advanced_gradient_angle=&#8221;0&#8243; gradient_direction=&#8221;left_to_right&#8221; overlay_strength=&#8221;1&#8243; width=&#8221;1\/1&#8243; tablet_width_inherit=&#8221;default&#8221; animation_type=&#8221;default&#8221; enable_animation=&#8221;true&#8221; animation=&#8221;slight-twist&#8221; animation_easing=&#8221;easeInOutCubic&#8221; bg_image_animation=&#8221;none&#8221; border_type=&#8221;simple&#8221; column_border_width=&#8221;none&#8221; column_border_color=&#8221;rgba(255,255,255,0.22)&#8221; column_border_style=&#8221;solid&#8221; gradient_type=&#8221;default&#8221; column_padding_type=&#8221;advanced&#8221;][vc_column_text text_direction=&#8221;default&#8221;]Projelerimiz, estetik tasar\u0131m ile y\u00fcksek performansl\u0131 ayd\u0131nlatma teknolojisini bir araya getirerek mekanlara de\u011fer katar.[\/vc_column_text][\/vc_column_inner][\/vc_row_inner][vc_row_inner column_margin=&#8221;none&#8221; column_direction=&#8221;default&#8221; column_direction_tablet=&#8221;default&#8221; column_direction_phone=&#8221;default&#8221; translate_x=&#8221;-50%&#8221; text_align=&#8221;left&#8221; row_position=&#8221;absolute&#8221; row_position_tablet=&#8221;inherit&#8221; row_position_phone=&#8221;inherit&#8221; bottom_position_desktop=&#8221;60&#8243; left_position_desktop=&#8221;50%&#8221; zindex=&#8221;10&#8243; overflow=&#8221;visible&#8221; pointer_events=&#8221;all&#8221;][vc_column_inner column_padding=&#8221;no-extra-padding&#8221; column_padding_tablet=&#8221;inherit&#8221; column_padding_phone=&#8221;inherit&#8221; column_padding_position=&#8221;all&#8221; column_element_direction_desktop=&#8221;default&#8221; column_element_spacing=&#8221;default&#8221; desktop_text_alignment=&#8221;default&#8221; tablet_text_alignment=&#8221;default&#8221; phone_text_alignment=&#8221;default&#8221; background_color_opacity=&#8221;1&#8243; background_hover_color_opacity=&#8221;1&#8243; column_backdrop_filter=&#8221;none&#8221; column_shadow=&#8221;none&#8221; column_border_radius=&#8221;none&#8221; column_link_target=&#8221;_self&#8221; overflow=&#8221;visible&#8221; advanced_gradient_angle=&#8221;0&#8243; gradient_direction=&#8221;left_to_right&#8221; overlay_strength=&#8221;0.3&#8243; width=&#8221;1\/1&#8243; tablet_width_inherit=&#8221;default&#8221; animation_type=&#8221;default&#8221; enable_animation=&#8221;true&#8221; animation=&#8221;fade-in&#8221; animation_easing=&#8221;default&#8221; bg_image_animation=&#8221;none&#8221; border_type=&#8221;simple&#8221; column_border_width=&#8221;none&#8221; column_border_style=&#8221;solid&#8221; gradient_type=&#8221;default&#8221; delay=&#8221;1500&#8243; animation_offset=&#8221;100%&#8221; column_padding_type=&#8221;default&#8221; offset=&#8221;vc_hidden-lg vc_hidden-md&#8221;][\/vc_column_inner][\/vc_row_inner][\/vc_column][\/vc_row][vc_row type=&#8221;in_container&#8221; full_screen_row_position=&#8221;middle&#8221; column_margin=&#8221;default&#8221; column_direction=&#8221;default&#8221; column_direction_tablet=&#8221;default&#8221; column_direction_phone=&#8221;default&#8221; scene_position=&#8221;center&#8221; top_padding=&#8221;23&#8243; text_color=&#8221;dark&#8221; text_align=&#8221;left&#8221; row_border_radius=&#8221;none&#8221; row_border_radius_applies=&#8221;bg&#8221; overflow=&#8221;visible&#8221; overlay_strength=&#8221;0.3&#8243; gradient_direction=&#8221;left_to_right&#8221; shape_divider_position=&#8221;bottom&#8221; bg_image_animation=&#8221;none&#8221; gradient_type=&#8221;default&#8221; shape_type=&#8221;&#8221;][vc_column column_padding=&#8221;no-extra-padding&#8221; column_padding_tablet=&#8221;inherit&#8221; column_padding_phone=&#8221;inherit&#8221; column_padding_position=&#8221;all&#8221; column_element_direction_desktop=&#8221;default&#8221; column_element_spacing=&#8221;default&#8221; desktop_text_alignment=&#8221;default&#8221; tablet_text_alignment=&#8221;default&#8221; phone_text_alignment=&#8221;default&#8221; background_color_opacity=&#8221;1&#8243; background_hover_color_opacity=&#8221;1&#8243; column_backdrop_filter=&#8221;none&#8221; column_shadow=&#8221;none&#8221; column_border_radius=&#8221;none&#8221; column_link_target=&#8221;_self&#8221; column_position=&#8221;default&#8221; gradient_direction=&#8221;left_to_right&#8221; overlay_strength=&#8221;0.3&#8243; width=&#8221;1\/2&#8243; tablet_width_inherit=&#8221;default&#8221; animation_type=&#8221;default&#8221; bg_image_animation=&#8221;none&#8221; border_type=&#8221;simple&#8221; column_border_width=&#8221;none&#8221; column_border_style=&#8221;solid&#8221;][vc_column_text text_direction=&#8221;default&#8221;]\n<p data-start=\"209\" data-end=\"490\">Parklight Ayd\u0131nlatma olarak y\u0131llard\u0131r farkl\u0131 sekt\u00f6rlerde bir\u00e7ok ba\u015far\u0131l\u0131 projeye imza atman\u0131n gururunu ya\u015f\u0131yoruz. Kuruldu\u011fumuz g\u00fcnden bu yana modern, verimli ve s\u00fcrd\u00fcr\u00fclebilir <strong data-start=\"385\" data-end=\"409\">ayd\u0131nlatma \u00e7\u00f6z\u00fcmleri<\/strong> sunarak hem kamu kurumlar\u0131n\u0131n hem de \u00f6zel sekt\u00f6r\u00fcn g\u00fcvenilir \u00e7\u00f6z\u00fcm orta\u011f\u0131 olduk.<\/p>\n<p data-start=\"492\" data-end=\"879\">Ger\u00e7ekle\u015ftirdi\u011fimiz projelerde; <strong data-start=\"524\" data-end=\"666\">d\u0131\u015f mekan ayd\u0131nlatmas\u0131, park ve bah\u00e7e ayd\u0131nlatmalar\u0131, end\u00fcstriyel ayd\u0131nlatma sistemleri, yol ayd\u0131nlatmalar\u0131 ve mimari ayd\u0131nlatma \u00e7\u00f6z\u00fcmleri<\/strong> gibi bir\u00e7ok farkl\u0131 alanda profesyonel hizmet sunmaktay\u0131z. Her projede kalite, dayan\u0131kl\u0131l\u0131k ve enerji verimlili\u011fini \u00f6n planda tutarak m\u00fc\u015fterilerimizin ihtiya\u00e7lar\u0131na en uygun ayd\u0131nlatma sistemlerini geli\u015ftiriyoruz.<\/p>\n<p data-start=\"881\" data-end=\"1218\">Parklight Ayd\u0131nlatma olarak referanslar\u0131m\u0131z; e\u011fitim kurumlar\u0131ndan sa\u011fl\u0131k kurulu\u015flar\u0131na, kamu projelerinden ticari yap\u0131lara kadar geni\u015f bir yelpazeye yay\u0131lmaktad\u0131r. Bu projelerde kullan\u0131lan modern LED ayd\u0131nlatma sistemleri sayesinde hem enerji tasarrufu sa\u011flanmakta hem de uzun \u00f6m\u00fcrl\u00fc ve s\u00fcrd\u00fcr\u00fclebilir ayd\u0131nlatma \u00e7\u00f6z\u00fcmleri sunulmaktad\u0131r.<\/p>\n[\/vc_column_text][\/vc_column][vc_column column_padding=&#8221;no-extra-padding&#8221; column_padding_tablet=&#8221;inherit&#8221; column_padding_phone=&#8221;inherit&#8221; column_padding_position=&#8221;all&#8221; column_element_direction_desktop=&#8221;default&#8221; column_element_spacing=&#8221;default&#8221; desktop_text_alignment=&#8221;default&#8221; tablet_text_alignment=&#8221;default&#8221; phone_text_alignment=&#8221;default&#8221; background_color_opacity=&#8221;1&#8243; background_hover_color_opacity=&#8221;1&#8243; column_backdrop_filter=&#8221;none&#8221; column_shadow=&#8221;none&#8221; column_border_radius=&#8221;none&#8221; column_link_target=&#8221;_self&#8221; column_position=&#8221;default&#8221; gradient_direction=&#8221;left_to_right&#8221; overlay_strength=&#8221;0.3&#8243; width=&#8221;1\/2&#8243; tablet_width_inherit=&#8221;default&#8221; animation_type=&#8221;default&#8221; bg_image_animation=&#8221;none&#8221; border_type=&#8221;simple&#8221; column_border_width=&#8221;none&#8221; column_border_style=&#8221;solid&#8221;][vc_column_text text_direction=&#8221;default&#8221;]\n<p data-start=\"1220\" data-end=\"1499\">Referanslar\u0131m\u0131z aras\u0131nda yer alan kurumlar, Parklight Ayd\u0131nlatma\u2019n\u0131n kalite anlay\u0131\u015f\u0131n\u0131 ve sekt\u00f6rdeki g\u00fcvenilirli\u011fini yans\u0131tmaktad\u0131r. Ger\u00e7ekle\u015ftirdi\u011fimiz her projede m\u00fc\u015fteri memnuniyetini \u00f6n planda tutarak estetik, fonksiyonel ve enerji verimli ayd\u0131nlatma sistemleri tasarl\u0131yoruz.<\/p>\n<p data-start=\"1501\" data-end=\"1788\">Bug\u00fcne kadar tamamlad\u0131\u011f\u0131m\u0131z projeler sayesinde <strong data-start=\"1548\" data-end=\"1656\">park ayd\u0131nlatmas\u0131, yol ayd\u0131nlatmas\u0131, d\u0131\u015f mekan ayd\u0131nlatma sistemleri ve end\u00fcstriyel ayd\u0131nlatma \u00e7\u00f6z\u00fcmleri<\/strong> alan\u0131nda \u00f6nemli bir deneyim kazand\u0131k. Bu deneyim, yeni projelerde daha yenilik\u00e7i ve verimli \u00e7\u00f6z\u00fcmler sunmam\u0131za yard\u0131mc\u0131 olmaktad\u0131r.<\/p>\n<p data-start=\"1790\" data-end=\"2122\">Parklight Ayd\u0131nlatma olarak hedefimiz; kaliteli \u00fcr\u00fcnler, g\u00fc\u00e7l\u00fc m\u00fchendislik altyap\u0131s\u0131 ve yenilik\u00e7i tasar\u0131m anlay\u0131\u015f\u0131 ile ayd\u0131nlatma sekt\u00f6r\u00fcnde g\u00fcvenilir bir marka olmaya devam etmektir. Referanslar\u0131m\u0131z, ger\u00e7ekle\u015ftirdi\u011fimiz projelerin ba\u015far\u0131s\u0131n\u0131 ve m\u00fc\u015fterilerimizle kurdu\u011fumuz uzun vadeli i\u015f birliklerini en iyi \u015fekilde g\u00f6stermektedir.<\/p>\n[\/vc_column_text][\/vc_column][\/vc_row][vc_row type=&#8221;full_width_background&#8221; full_screen_row_position=&#8221;middle&#8221; column_margin=&#8221;default&#8221; column_direction=&#8221;default&#8221; column_direction_tablet=&#8221;default&#8221; column_direction_phone=&#8221;default&#8221; scene_position=&#8221;center&#8221; top_padding=&#8221;7%&#8221; bottom_padding=&#8221;7%&#8221; text_color=&#8221;dark&#8221; text_align=&#8221;left&#8221; row_border_radius=&#8221;none&#8221; row_border_radius_applies=&#8221;bg&#8221; overflow=&#8221;visible&#8221; overlay_strength=&#8221;0.3&#8243; gradient_direction=&#8221;left_to_right&#8221; shape_divider_position=&#8221;bottom&#8221; bg_image_animation=&#8221;none&#8221; shape_type=&#8221;&#8221; gradient_type=&#8221;default&#8221;][vc_column column_padding=&#8221;no-extra-padding&#8221; column_padding_tablet=&#8221;inherit&#8221; column_padding_phone=&#8221;inherit&#8221; column_padding_position=&#8221;all&#8221; column_element_direction_desktop=&#8221;default&#8221; column_element_spacing=&#8221;default&#8221; desktop_text_alignment=&#8221;default&#8221; tablet_text_alignment=&#8221;default&#8221; phone_text_alignment=&#8221;default&#8221; background_color_opacity=&#8221;1&#8243; background_hover_color_opacity=&#8221;1&#8243; column_backdrop_filter=&#8221;none&#8221; column_shadow=&#8221;none&#8221; column_border_radius=&#8221;none&#8221; column_link_target=&#8221;_self&#8221; column_position=&#8221;default&#8221; gradient_direction=&#8221;left_to_right&#8221; overlay_strength=&#8221;0.3&#8243; width=&#8221;1\/12&#8243; tablet_width_inherit=&#8221;default&#8221; animation_type=&#8221;default&#8221; bg_image_animation=&#8221;none&#8221; border_type=&#8221;simple&#8221; column_border_width=&#8221;none&#8221; column_border_style=&#8221;solid&#8221;][\/vc_column][vc_column column_padding=&#8221;no-extra-padding&#8221; column_padding_tablet=&#8221;inherit&#8221; column_padding_phone=&#8221;inherit&#8221; column_padding_position=&#8221;all&#8221; column_element_direction_desktop=&#8221;default&#8221; column_element_spacing=&#8221;default&#8221; desktop_text_alignment=&#8221;default&#8221; tablet_text_alignment=&#8221;default&#8221; phone_text_alignment=&#8221;default&#8221; background_color_opacity=&#8221;1&#8243; background_hover_color_opacity=&#8221;1&#8243; column_backdrop_filter=&#8221;none&#8221; column_shadow=&#8221;none&#8221; column_border_radius=&#8221;none&#8221; column_link_target=&#8221;_self&#8221; column_position=&#8221;default&#8221; gradient_direction=&#8221;left_to_right&#8221; overlay_strength=&#8221;0.3&#8243; width=&#8221;10\/12&#8243; tablet_width_inherit=&#8221;default&#8221; animation_type=&#8221;default&#8221; bg_image_animation=&#8221;none&#8221; border_type=&#8221;simple&#8221; column_border_width=&#8221;none&#8221; column_border_style=&#8221;solid&#8221;][clients columns=&#8221;3&#8243; hover_effect=&#8221;opacity&#8221; additional_padding=&#8221;4&#8243;][client image=&#8221;5981&#8243; url_target=&#8221;_blank&#8221; title=&#8221;Client&#8221; id=&#8221;1502894777216-0-4&#8243; tab_id=&#8221;1502894621516-2&#8243; url=&#8221;#&#8221; name=&#8221;elevate&#8221;][vc_column_text][\/vc_column_text][\/client][client image=&#8221;5983&#8243; url_target=&#8221;_blank&#8221; title=&#8221;Client&#8221; id=&#8221;1502894065-1-80&#8243; tab_id=&#8221;1502894621516-3&#8243; url=&#8221;#&#8221; name=&#8221;harper&#8221;][vc_column_text][\/vc_column_text][\/client][client image=&#8221;5984&#8243; url_target=&#8221;_blank&#8221; title=&#8221;Client&#8221; id=&#8221;1502894782547-0-5&#8243; tab_id=&#8221;1502894621516-4&#8243; url=&#8221;#&#8221; name=&#8221;waveform&#8221;][vc_column_text][\/vc_column_text][\/client][client image=&#8221;5985&#8243; url_target=&#8221;_blank&#8221; title=&#8221;Client&#8221; id=&#8221;1502894777848-0-9&#8243; tab_id=&#8221;1502894621516-5&#8243; url=&#8221;#&#8221; name=&#8221;brooklyn&#8221;][vc_column_text][\/vc_column_text][\/client][client image=&#8221;5986&#8243; url_target=&#8221;_blank&#8221; title=&#8221;Client&#8221; id=&#8221;1502894784816-0-0&#8243; tab_id=&#8221;1502894621516-9&#8243; url=&#8221;#&#8221; name=&#8221;camallero&#8221;][\/client][client image=&#8221;5987&#8243; url_target=&#8221;_blank&#8221; title=&#8221;Client&#8221; id=&#8221;1503948180817-0-9&#8243; tab_id=&#8221;1502894621516-6&#8243; url=&#8221;#&#8221; name=&#8221;ollostream&#8221;][vc_column_text][\/vc_column_text][\/client][client image=&#8221;5989&#8243; url_target=&#8221;_blank&#8221; title=&#8221;Client&#8221; id=&#8221;1503948181836-0-4&#8243; tab_id=&#8221;1502894621516-7&#8243; url=&#8221;#&#8221; name=&#8221;golden grid&#8221;][\/client][client image=&#8221;5991&#8243; url_target=&#8221;_blank&#8221; title=&#8221;Client&#8221; id=&#8221;1502894776482-0-6&#8243; tab_id=&#8221;1502894621516-8&#8243; url=&#8221;#&#8221; name=&#8221;jacks&#8221;][vc_column_text][\/vc_column_text][\/client][client image=&#8221;5992&#8243; url_target=&#8221;_blank&#8221; title=&#8221;Client&#8221; id=&#8221;1502894776482-0-6&#8243; tab_id=&#8221;1502894621516-8&#8243; url=&#8221;#&#8221; name=&#8221;jacks&#8221;][vc_column_text][\/vc_column_text][\/client][\/clients][clients columns=&#8221;3&#8243; hover_effect=&#8221;opacity&#8221; additional_padding=&#8221;4&#8243;][client image=&#8221;6121&#8243; url_target=&#8221;_blank&#8221; title=&#8221;Client&#8221; id=&#8221;1502894777216-0-4&#8243; tab_id=&#8221;1502894621516-2&#8243; url=&#8221;#&#8221; name=&#8221;elevate&#8221;][vc_column_text][\/vc_column_text][\/client][client image=&#8221;6122&#8243; url_target=&#8221;_blank&#8221; title=&#8221;Client&#8221; id=&#8221;1502894065-1-80&#8243; tab_id=&#8221;1502894621516-3&#8243; url=&#8221;#&#8221; name=&#8221;harper&#8221;][vc_column_text][\/vc_column_text][\/client][client image=&#8221;6123&#8243; url_target=&#8221;_blank&#8221; title=&#8221;Client&#8221; id=&#8221;1502894777216-0-4&#8243; tab_id=&#8221;1502894621516-2&#8243; url=&#8221;#&#8221; name=&#8221;elevate&#8221;][vc_column_text][\/vc_column_text][\/client][client image=&#8221;6131&#8243; url_target=&#8221;_blank&#8221; title=&#8221;Client&#8221; id=&#8221;1502894777216-0-4&#8243; tab_id=&#8221;1502894621516-2&#8243; url=&#8221;#&#8221; name=&#8221;elevate&#8221;][vc_column_text][\/vc_column_text][\/client][client image=&#8221;6127&#8243; url_target=&#8221;_blank&#8221; title=&#8221;Client&#8221; id=&#8221;1502894777216-0-4&#8243; tab_id=&#8221;1502894621516-2&#8243; url=&#8221;#&#8221; name=&#8221;elevate&#8221;][vc_column_text][\/vc_column_text][\/client][client image=&#8221;6125&#8243; url_target=&#8221;_blank&#8221; title=&#8221;Client&#8221; id=&#8221;1502894777216-0-4&#8243; tab_id=&#8221;1502894621516-2&#8243; url=&#8221;#&#8221; name=&#8221;elevate&#8221;][vc_column_text][\/vc_column_text][\/client][client image=&#8221;6133&#8243; url_target=&#8221;_blank&#8221; title=&#8221;Client&#8221; id=&#8221;1502894777216-0-4&#8243; tab_id=&#8221;1502894621516-2&#8243; url=&#8221;#&#8221; name=&#8221;elevate&#8221;][vc_column_text][\/vc_column_text][\/client][client image=&#8221;6132&#8243; url_target=&#8221;_blank&#8221; title=&#8221;Client&#8221; id=&#8221;1502894777216-0-4&#8243; tab_id=&#8221;1502894621516-2&#8243; url=&#8221;#&#8221; name=&#8221;elevate&#8221;][vc_column_text][\/vc_column_text][\/client][client image=&#8221;6129&#8243; url_target=&#8221;_blank&#8221; title=&#8221;Client&#8221; id=&#8221;1502894782547-0-5&#8243; tab_id=&#8221;1502894621516-4&#8243; url=&#8221;#&#8221; name=&#8221;waveform&#8221;][vc_column_text][\/vc_column_text][\/client][\/clients][\/vc_column][vc_column column_padding=&#8221;no-extra-padding&#8221; column_padding_tablet=&#8221;inherit&#8221; column_padding_phone=&#8221;inherit&#8221; column_padding_position=&#8221;all&#8221; column_element_direction_desktop=&#8221;default&#8221; column_element_spacing=&#8221;default&#8221; desktop_text_alignment=&#8221;default&#8221; tablet_text_alignment=&#8221;default&#8221; phone_text_alignment=&#8221;default&#8221; background_color_opacity=&#8221;1&#8243; background_hover_color_opacity=&#8221;1&#8243; column_backdrop_filter=&#8221;none&#8221; column_shadow=&#8221;none&#8221; column_border_radius=&#8221;none&#8221; column_link_target=&#8221;_self&#8221; column_position=&#8221;default&#8221; gradient_direction=&#8221;left_to_right&#8221; overlay_strength=&#8221;0.3&#8243; width=&#8221;1\/12&#8243; tablet_width_inherit=&#8221;default&#8221; animation_type=&#8221;default&#8221; bg_image_animation=&#8221;none&#8221; border_type=&#8221;simple&#8221; column_border_width=&#8221;none&#8221; column_border_style=&#8221;solid&#8221;][\/vc_column][\/vc_row]\n","protected":false},"excerpt":{"rendered":"<p>[vc_row type=&#8221;full_width_content&#8221; full_screen_row_position=&#8221;middle&#8221; column_margin=&#8221;default&#8221; equal_height=&#8221;yes&#8221; content_placement=&#8221;middle&#8221; column_direction=&#8221;default&#8221; column_direction_tablet=&#8221;default&#8221; column_direction_phone=&#8221;default&#8221; bg_color=&#8221;#edeef1&#8243; full_height=&#8221;yes&#8221; columns_placement=&#8221;stretch&#8221; animated_gradient_bg=&#8221;true&#8221; animated_gradient_bg_color_1=&#8221;#ecb5ff&#8221; animated_gradient_bg_speed=&#8221;850&#8243; animated_gradient_bg_blending_mode=&#8221;linear&#8221; scene_position=&#8221;center&#8221; text_color=&#8221;dark&#8221; text_align=&#8221;left&#8221; row_border_radius=&#8221;none&#8221; row_border_radius_applies=&#8221;bg&#8221; overflow=&#8221;hidden&#8221; advanced_gradient_angle=&#8221;15&#8243; overlay_strength=&#8221;0.3&#8243; gradient_direction=&#8221;left_to_right&#8221; shape_divider_position=&#8221;bottom&#8221; bg_image_animation=&#8221;clip-path&#8221; clip_path_animation_type=&#8221;default&#8221; clip_path_animation_applies=&#8221;row&#8221; clip_path_start_top_desktop=&#8221;0px&#8221;&#8230;<\/p>\n","protected":false},"author":1,"featured_media":0,"parent":0,"menu_order":0,"comment_status":"closed","ping_status":"closed","template":"","meta":{"advanced_seo_description":"","jetpack_seo_html_title":"","jetpack_seo_noindex":false,"footnotes":""},"class_list":["post-5999","page","type-page","status-publish"],"jetpack_sharing_enabled":true,"_links":{"self":[{"href":"https:\/\/parklight.com.tr\/index.php?rest_route=\/wp\/v2\/pages\/5999","targetHints":{"allow":["GET"]}}],"collection":[{"href":"https:\/\/parklight.com.tr\/index.php?rest_route=\/wp\/v2\/pages"}],"about":[{"href":"https:\/\/parklight.com.tr\/index.php?rest_route=\/wp\/v2\/types\/page"}],"author":[{"embeddable":true,"href":"https:\/\/parklight.com.tr\/index.php?rest_route=\/wp\/v2\/users\/1"}],"replies":[{"embeddable":true,"href":"https:\/\/parklight.com.tr\/index.php?rest_route=%2Fwp%2Fv2%2Fcomments&post=5999"}],"version-history":[{"count":12,"href":"https:\/\/parklight.com.tr\/index.php?rest_route=\/wp\/v2\/pages\/5999\/revisions"}],"predecessor-version":[{"id":6136,"href":"https:\/\/parklight.com.tr\/index.php?rest_route=\/wp\/v2\/pages\/5999\/revisions\/6136"}],"wp:attachment":[{"href":"https:\/\/parklight.com.tr\/index.php?rest_route=%2Fwp%2Fv2%2Fmedia&parent=5999"}],"curies":[{"name":"wp","href":"https:\/\/api.w.org\/{rel}","templated":true}]}}