{"id":6029,"date":"2026-02-17T22:53:30","date_gmt":"2026-02-17T22:53:30","guid":{"rendered":"https:\/\/parklight.com.tr\/?page_id=6029"},"modified":"2026-02-17T22:57:43","modified_gmt":"2026-02-17T22:57:43","slug":"s-s-s","status":"publish","type":"page","link":"https:\/\/parklight.com.tr\/?page_id=6029","title":{"rendered":"S.S.S."},"content":{"rendered":"[vc_row type=&#8221;full_width_content&#8221; full_screen_row_position=&#8221;middle&#8221; column_margin=&#8221;default&#8221; equal_height=&#8221;yes&#8221; content_placement=&#8221;middle&#8221; column_direction=&#8221;default&#8221; column_direction_tablet=&#8221;default&#8221; column_direction_phone=&#8221;default&#8221; bg_color=&#8221;#edeef1&#8243; full_height=&#8221;yes&#8221; columns_placement=&#8221;stretch&#8221; animated_gradient_bg=&#8221;true&#8221; animated_gradient_bg_color_1=&#8221;#ecb5ff&#8221; animated_gradient_bg_speed=&#8221;850&#8243; animated_gradient_bg_blending_mode=&#8221;linear&#8221; scene_position=&#8221;center&#8221; text_color=&#8221;dark&#8221; text_align=&#8221;left&#8221; row_border_radius=&#8221;none&#8221; row_border_radius_applies=&#8221;bg&#8221; overflow=&#8221;hidden&#8221; advanced_gradient_angle=&#8221;15&#8243; overlay_strength=&#8221;0.3&#8243; gradient_direction=&#8221;left_to_right&#8221; shape_divider_position=&#8221;bottom&#8221; bg_image_animation=&#8221;clip-path&#8221; clip_path_animation_type=&#8221;default&#8221; clip_path_animation_applies=&#8221;row&#8221; clip_path_start_top_desktop=&#8221;0px&#8221; clip_path_start_bottom_desktop=&#8221;0px&#8221; clip_path_start_left_desktop=&#8221;0px&#8221; clip_path_start_right_desktop=&#8221;0px&#8221; clip_path_end_top_desktop=&#8221;30px&#8221; clip_path_end_bottom_desktop=&#8221;30px&#8221; clip_path_end_left_desktop=&#8221;30px&#8221; clip_path_end_right_desktop=&#8221;30px&#8221; clip_path_end_top_phone=&#8221;50px&#8221; clip_path_end_bottom_phone=&#8221;24px&#8221; clip_path_end_left_phone=&#8221;24px&#8221; clip_path_end_right_phone=&#8221;24px&#8221; clip_path_start_roundness=&#8221;0&#8243; clip_path_end_roundness=&#8221;20px&#8221; clip_path_animation_addon=&#8221;none&#8221; video_mute=&#8221;true&#8221; shape_type=&#8221;straight_section&#8221; gradient_type=&#8221;default&#8221; bg_image_animation_delay=&#8221;1000&#8243;][vc_column column_padding=&#8221;no-extra-padding&#8221; column_padding_tablet=&#8221;inherit&#8221; column_padding_phone=&#8221;inherit&#8221; column_padding_position=&#8221;all&#8221; column_element_direction_desktop=&#8221;default&#8221; column_element_spacing=&#8221;0px&#8221; desktop_text_alignment=&#8221;default&#8221; tablet_text_alignment=&#8221;default&#8221; phone_text_alignment=&#8221;default&#8221; background_color_opacity=&#8221;1&#8243; background_hover_color_opacity=&#8221;1&#8243; column_backdrop_filter=&#8221;none&#8221; column_shadow=&#8221;none&#8221; column_border_radius=&#8221;none&#8221; column_link_target=&#8221;_self&#8221; column_position=&#8221;static&#8221; advanced_gradient_angle=&#8221;0&#8243; gradient_direction=&#8221;left_to_right&#8221; overlay_strength=&#8221;0.3&#8243; width=&#8221;1\/1&#8243; tablet_width_inherit=&#8221;default&#8221; animation_type=&#8221;parallax&#8221; animation_movement_type=&#8221;default&#8221; column_parallax_intensity=&#8221;-4&#8243; bg_image_animation=&#8221;none&#8221; parallax_bg=&#8221;true&#8221; parallax_bg_speed=&#8221;medium_fast&#8221; border_type=&#8221;simple&#8221; column_border_width=&#8221;none&#8221; column_border_style=&#8221;solid&#8221; gradient_type=&#8221;default&#8221; column_padding_type=&#8221;default&#8221;][vc_row_inner column_margin=&#8221;default&#8221; column_direction=&#8221;default&#8221; column_direction_tablet=&#8221;default&#8221; column_direction_phone=&#8221;default&#8221; top_padding=&#8221;4%&#8221; bottom_padding=&#8221;30&#8243; left_padding_desktop=&#8221;22%&#8221; constrain_group_2=&#8221;yes&#8221; right_padding_desktop=&#8221;22%&#8221; left_padding_phone=&#8221;14%&#8221; constrain_group_6=&#8221;yes&#8221; right_padding_phone=&#8221;14%&#8221; text_align=&#8221;left&#8221; row_position=&#8221;default&#8221; row_position_tablet=&#8221;inherit&#8221; row_position_phone=&#8221;inherit&#8221; overflow=&#8221;visible&#8221; pointer_events=&#8221;all&#8221;][vc_column_inner column_element_direction_desktop=&#8221;default&#8221; column_element_spacing=&#8221;default&#8221; centered_text=&#8221;true&#8221; desktop_text_alignment=&#8221;default&#8221; tablet_text_alignment=&#8221;default&#8221; phone_text_alignment=&#8221;default&#8221; background_color_opacity=&#8221;1&#8243; background_hover_color_opacity=&#8221;1&#8243; column_backdrop_filter=&#8221;none&#8221; column_shadow=&#8221;none&#8221; column_border_radius=&#8221;none&#8221; column_link_target=&#8221;_self&#8221; overflow=&#8221;visible&#8221; advanced_gradient_angle=&#8221;0&#8243; gradient_direction=&#8221;left_to_right&#8221; overlay_strength=&#8221;1&#8243; width=&#8221;1\/1&#8243; tablet_width_inherit=&#8221;default&#8221; animation_type=&#8221;default&#8221; enable_animation=&#8221;true&#8221; animation=&#8221;slight-twist&#8221; animation_easing=&#8221;easeInOutCubic&#8221; bg_image_animation=&#8221;none&#8221; border_type=&#8221;simple&#8221; column_border_width=&#8221;none&#8221; column_border_color=&#8221;rgba(255,255,255,0.22)&#8221; column_border_style=&#8221;solid&#8221; gradient_type=&#8221;default&#8221; column_padding_type=&#8221;advanced&#8221; delay=&#8221;200&#8243;][nectar_highlighted_text scribble_color=&#8221;#000000&#8243; style=&#8221;scribble&#8221; scribble_shape=&#8221;basic-underline&#8221; scribble_thickness=&#8221;thin&#8221; scribble_speed=&#8221;1.8s&#8221; scribble_easing=&#8221;ease_out&#8221; custom_font_size=&#8221;6vw&#8221; delay=&#8221;1000&#8243; font_size_tablet=&#8221;6vw&#8221; font_line_height=&#8221;1.1&#8243; font_size_phone=&#8221;10vw&#8221; text_direction=&#8221;default&#8221;]\n<h1><i>S\u0131k\u00e7a Sorulan Sorular<\/i><\/h1>\n[\/nectar_highlighted_text][\/vc_column_inner][\/vc_row_inner][vc_row_inner column_margin=&#8221;none&#8221; column_direction=&#8221;default&#8221; column_direction_tablet=&#8221;default&#8221; column_direction_phone=&#8221;default&#8221; translate_x=&#8221;-50%&#8221; text_align=&#8221;left&#8221; row_position=&#8221;absolute&#8221; row_position_tablet=&#8221;inherit&#8221; row_position_phone=&#8221;inherit&#8221; bottom_position_desktop=&#8221;60&#8243; left_position_desktop=&#8221;50%&#8221; zindex=&#8221;10&#8243; overflow=&#8221;visible&#8221; pointer_events=&#8221;all&#8221;][vc_column_inner column_padding=&#8221;no-extra-padding&#8221; column_padding_tablet=&#8221;inherit&#8221; column_padding_phone=&#8221;inherit&#8221; column_padding_position=&#8221;all&#8221; column_element_direction_desktop=&#8221;default&#8221; column_element_spacing=&#8221;default&#8221; desktop_text_alignment=&#8221;default&#8221; tablet_text_alignment=&#8221;default&#8221; phone_text_alignment=&#8221;default&#8221; background_color_opacity=&#8221;1&#8243; background_hover_color_opacity=&#8221;1&#8243; column_backdrop_filter=&#8221;none&#8221; column_shadow=&#8221;none&#8221; column_border_radius=&#8221;none&#8221; column_link_target=&#8221;_self&#8221; overflow=&#8221;visible&#8221; advanced_gradient_angle=&#8221;0&#8243; gradient_direction=&#8221;left_to_right&#8221; overlay_strength=&#8221;0.3&#8243; width=&#8221;1\/1&#8243; tablet_width_inherit=&#8221;default&#8221; animation_type=&#8221;default&#8221; enable_animation=&#8221;true&#8221; animation=&#8221;fade-in&#8221; animation_easing=&#8221;default&#8221; bg_image_animation=&#8221;none&#8221; border_type=&#8221;simple&#8221; column_border_width=&#8221;none&#8221; column_border_style=&#8221;solid&#8221; gradient_type=&#8221;default&#8221; delay=&#8221;1500&#8243; animation_offset=&#8221;100%&#8221; column_padding_type=&#8221;default&#8221; offset=&#8221;vc_hidden-lg vc_hidden-md&#8221;][\/vc_column_inner][\/vc_row_inner][\/vc_column][\/vc_row][vc_row type=&#8221;full_width_content&#8221; full_screen_row_position=&#8221;middle&#8221; column_margin=&#8221;default&#8221; equal_height=&#8221;yes&#8221; content_placement=&#8221;middle&#8221; column_direction=&#8221;default&#8221; column_direction_tablet=&#8221;default&#8221; column_direction_phone=&#8221;default&#8221; bg_color=&#8221;#ffffff&#8221; scene_position=&#8221;center&#8221; top_padding=&#8221;12%&#8221; bottom_padding=&#8221;12%&#8221; left_padding_desktop=&#8221;25%&#8221; constrain_group_2=&#8221;yes&#8221; right_padding_desktop=&#8221;25%&#8221; left_padding_tablet=&#8221;20%&#8221; constrain_group_4=&#8221;yes&#8221; right_padding_tablet=&#8221;20%&#8221; left_padding_phone=&#8221;24px&#8221; constrain_group_6=&#8221;yes&#8221; right_padding_phone=&#8221;24px&#8221; text_color=&#8221;dark&#8221; text_align=&#8221;left&#8221; row_border_radius=&#8221;none&#8221; row_border_radius_applies=&#8221;bg&#8221; zindex=&#8221;10&#8243; overflow=&#8221;visible&#8221; advanced_gradient_angle=&#8221;0&#8243; overlay_strength=&#8221;0.8&#8243; gradient_direction=&#8221;left_to_right&#8221; shape_divider_position=&#8221;bottom&#8221; bg_image_animation=&#8221;none&#8221; parallax_bg=&#8221;true&#8221; parallax_bg_speed=&#8221;fast&#8221; shape_type=&#8221;&#8221; gradient_type=&#8221;default&#8221;][vc_column column_padding=&#8221;no-extra-padding&#8221; column_padding_tablet=&#8221;inherit&#8221; column_padding_phone=&#8221;inherit&#8221; column_padding_position=&#8221;right&#8221; column_element_direction_desktop=&#8221;default&#8221; column_element_spacing=&#8221;default&#8221; desktop_text_alignment=&#8221;default&#8221; tablet_text_alignment=&#8221;default&#8221; phone_text_alignment=&#8221;default&#8221; background_color_opacity=&#8221;1&#8243; background_hover_color_opacity=&#8221;1&#8243; column_backdrop_filter=&#8221;none&#8221; column_shadow=&#8221;none&#8221; column_border_radius=&#8221;none&#8221; column_link_target=&#8221;_self&#8221; column_position=&#8221;default&#8221; advanced_gradient_angle=&#8221;0&#8243; gradient_direction=&#8221;left_to_right&#8221; overlay_strength=&#8221;0.3&#8243; width=&#8221;1\/1&#8243; tablet_width_inherit=&#8221;default&#8221; animation_type=&#8221;default&#8221; bg_image_animation=&#8221;none&#8221; border_type=&#8221;simple&#8221; column_border_width=&#8221;none&#8221; column_border_style=&#8221;solid&#8221; gradient_type=&#8221;default&#8221;][toggles style=&#8221;minimal_shadow&#8221; accordion=&#8221;true&#8221; accordion_starting_functionality=&#8221;default&#8221; border_radius=&#8221;20px&#8221;][toggle color=&#8221;Default&#8221; heading_tag=&#8221;h2&#8243; heading_tag_functionality=&#8221;default&#8221; title=&#8221;Parklight Ayd\u0131nlatma hangi alanlarda hizmet verir?&#8221;][nectar_responsive_text font_size_min=&#8221;14px&#8221; font_size_max=&#8221;20px&#8221; font_size_desktop=&#8221;1.1vw&#8221; font_line_height=&#8221;1.6&#8243; text_direction=&#8221;default&#8221;]Parklight Ayd\u0131nlatma; end\u00fcstriyel tesisler, fabrikalar, ofisler, ma\u011fazalar, sa\u011fl\u0131k ve e\u011fitim yap\u0131lar\u0131, spor tesisleri, mimari cephe uygulamalar\u0131, yol ve \u015fehir ayd\u0131nlatmalar\u0131 gibi geni\u015f bir kullan\u0131m alan\u0131na y\u00f6nelik \u00e7\u00f6z\u00fcmler sunar.[\/nectar_responsive_text][\/toggle][toggle color=&#8221;Default&#8221; heading_tag=&#8221;h2&#8243; heading_tag_functionality=&#8221;default&#8221; title=&#8221;Projeye \u00f6zel ayd\u0131nlatma tasar\u0131m\u0131 yap\u0131yor musunuz?&#8221;][nectar_responsive_text font_size_min=&#8221;14px&#8221; font_size_max=&#8221;20px&#8221; font_size_desktop=&#8221;1.1vw&#8221; font_line_height=&#8221;1.6&#8243; text_direction=&#8221;default&#8221;]Evet. Mek\u00e2n\u0131n kullan\u0131m amac\u0131, mimari yap\u0131s\u0131 ve enerji verimlili\u011fi hedefleri analiz edilerek projeye \u00f6zel ayd\u0131nlatma tasar\u0131m\u0131 ve \u00fcr\u00fcn se\u00e7imi yap\u0131l\u0131r.[\/nectar_responsive_text][\/toggle][toggle color=&#8221;Default&#8221; heading_tag=&#8221;h2&#8243; heading_tag_functionality=&#8221;default&#8221; title=&#8221;\u00dcr\u00fcn se\u00e7iminde nelere dikkat edilmelidir?&#8221;]<div class=\"nectar-fancy-ul font_size_min_14px font_size_max_20px font_size_desktop_1vw font_line_height_1-6\" data-list-icon=\"dot\" data-animation=\"false\" data-animation-delay=\"0\" data-spacing=\"5px\" data-alignment=\"left\"> \n<p data-start=\"1061\" data-end=\"1083\">Do\u011fru ayd\u0131nlatma i\u00e7in;<\/p>\n<ul data-start=\"1085\" data-end=\"1192\">\n<li data-start=\"1085\" data-end=\"1106\">\n<p data-start=\"1087\" data-end=\"1106\">\u0131\u015f\u0131k seviyesi (lux)<\/p>\n<\/li>\n<li data-start=\"1107\" data-end=\"1129\">\n<p data-start=\"1109\" data-end=\"1129\">renk do\u011frulu\u011fu (CRI)<\/p>\n<\/li>\n<li data-start=\"1130\" data-end=\"1154\">\n<p data-start=\"1132\" data-end=\"1154\">kama\u015fma kontrol\u00fc (UGR)<\/p>\n<\/li>\n<li data-start=\"1155\" data-end=\"1175\">\n<p data-start=\"1157\" data-end=\"1175\">enerji verimlili\u011fi<\/p>\n<\/li>\n<li data-start=\"1176\" data-end=\"1192\">\n<p data-start=\"1178\" data-end=\"1192\">kullan\u0131m alan\u0131<\/p>\n<\/li>\n<\/ul>\n<p data-start=\"1194\" data-end=\"1288\">gibi teknik kriterler dikkate al\u0131nmal\u0131d\u0131r. Parklight uzman ekibi bu s\u00fcreci sizin i\u00e7in y\u00f6netir.<\/p>\n <\/div>[\/toggle][toggle color=&#8221;Default&#8221; heading_tag=&#8221;h2&#8243; heading_tag_functionality=&#8221;default&#8221; title=&#8221;Enerji tasarrufu sa\u011flayan \u00e7\u00f6z\u00fcmler sunuyor musunuz?&#8221;][nectar_responsive_text font_size_min=&#8221;14px&#8221; font_size_max=&#8221;20px&#8221; font_size_desktop=&#8221;1.1vw&#8221; font_line_height=&#8221;1.6&#8243; text_direction=&#8221;default&#8221;]\n<p data-start=\"1351\" data-end=\"1484\">Evet. LED teknolojileri, ak\u0131ll\u0131 kontrol sistemleri ve sens\u00f6r destekli \u00e7\u00f6z\u00fcmler sayesinde enerji t\u00fcketimi \u00f6nemli \u00f6l\u00e7\u00fcde azalt\u0131labilir.<\/p>\n[\/nectar_responsive_text][\/toggle][toggle color=&#8221;Default&#8221; heading_tag=&#8221;h2&#8243; heading_tag_functionality=&#8221;default&#8221; title=&#8221;Ak\u0131ll\u0131 ayd\u0131nlatma sistemleri nedir?&#8221;][nectar_responsive_text font_size_min=&#8221;14px&#8221; font_size_max=&#8221;20px&#8221; font_size_desktop=&#8221;1.1vw&#8221; font_line_height=&#8221;1.6&#8243; text_direction=&#8221;default&#8221;]\n<p data-start=\"1531\" data-end=\"1735\">Ak\u0131ll\u0131 ayd\u0131nlatma sistemleri; hareket sens\u00f6rleri, zamanlay\u0131c\u0131lar ve otomasyon sistemleri sayesinde ayd\u0131nlatman\u0131n ihtiyaca g\u00f6re \u00e7al\u0131\u015fmas\u0131n\u0131 sa\u011flar. Bu sistemler enerji tasarrufu ve kullan\u0131m konforu sa\u011flar.<\/p>\n[\/nectar_responsive_text][\/toggle][toggle color=&#8221;Default&#8221; heading_tag=&#8221;h3&#8243; heading_tag_functionality=&#8221;default&#8221; title=&#8221;Proje s\u00fcrecinde teknik destek sa\u011fl\u0131yor musunuz?&#8221;][nectar_responsive_text font_size_min=&#8221;14px&#8221; font_size_max=&#8221;20px&#8221; font_size_desktop=&#8221;1.1vw&#8221; font_line_height=&#8221;1.6&#8243; text_direction=&#8221;default&#8221;]\n<p data-start=\"1794\" data-end=\"1902\">Evet. Ke\u015fif, projelendirme, \u00fcr\u00fcn se\u00e7imi, montaj s\u00fcreci ve devreye alma a\u015famalar\u0131nda teknik destek sunuyoruz.<\/p>\n[\/nectar_responsive_text][\/toggle][\/toggles][\/vc_column][\/vc_row]\n","protected":false},"excerpt":{"rendered":"<p>[vc_row type=&#8221;full_width_content&#8221; full_screen_row_position=&#8221;middle&#8221; column_margin=&#8221;default&#8221; equal_height=&#8221;yes&#8221; content_placement=&#8221;middle&#8221; column_direction=&#8221;default&#8221; column_direction_tablet=&#8221;default&#8221; column_direction_phone=&#8221;default&#8221; bg_color=&#8221;#edeef1&#8243; full_height=&#8221;yes&#8221; columns_placement=&#8221;stretch&#8221; animated_gradient_bg=&#8221;true&#8221; animated_gradient_bg_color_1=&#8221;#ecb5ff&#8221; animated_gradient_bg_speed=&#8221;850&#8243; animated_gradient_bg_blending_mode=&#8221;linear&#8221; scene_position=&#8221;center&#8221; text_color=&#8221;dark&#8221; text_align=&#8221;left&#8221; row_border_radius=&#8221;none&#8221; row_border_radius_applies=&#8221;bg&#8221; overflow=&#8221;hidden&#8221; advanced_gradient_angle=&#8221;15&#8243; overlay_strength=&#8221;0.3&#8243; gradient_direction=&#8221;left_to_right&#8221; shape_divider_position=&#8221;bottom&#8221; bg_image_animation=&#8221;clip-path&#8221; clip_path_animation_type=&#8221;default&#8221; clip_path_animation_applies=&#8221;row&#8221; clip_path_start_top_desktop=&#8221;0px&#8221;&#8230;<\/p>\n","protected":false},"author":1,"featured_media":0,"parent":0,"menu_order":0,"comment_status":"closed","ping_status":"closed","template":"","meta":{"advanced_seo_description":"","jetpack_seo_html_title":"","jetpack_seo_noindex":false,"footnotes":""},"class_list":["post-6029","page","type-page","status-publish"],"jetpack_sharing_enabled":true,"_links":{"self":[{"href":"https:\/\/parklight.com.tr\/index.php?rest_route=\/wp\/v2\/pages\/6029","targetHints":{"allow":["GET"]}}],"collection":[{"href":"https:\/\/parklight.com.tr\/index.php?rest_route=\/wp\/v2\/pages"}],"about":[{"href":"https:\/\/parklight.com.tr\/index.php?rest_route=\/wp\/v2\/types\/page"}],"author":[{"embeddable":true,"href":"https:\/\/parklight.com.tr\/index.php?rest_route=\/wp\/v2\/users\/1"}],"replies":[{"embeddable":true,"href":"https:\/\/parklight.com.tr\/index.php?rest_route=%2Fwp%2Fv2%2Fcomments&post=6029"}],"version-history":[{"count":2,"href":"https:\/\/parklight.com.tr\/index.php?rest_route=\/wp\/v2\/pages\/6029\/revisions"}],"predecessor-version":[{"id":6031,"href":"https:\/\/parklight.com.tr\/index.php?rest_route=\/wp\/v2\/pages\/6029\/revisions\/6031"}],"wp:attachment":[{"href":"https:\/\/parklight.com.tr\/index.php?rest_route=%2Fwp%2Fv2%2Fmedia&parent=6029"}],"curies":[{"name":"wp","href":"https:\/\/api.w.org\/{rel}","templated":true}]}}