{"id":6103,"date":"2026-03-10T11:54:21","date_gmt":"2026-03-10T11:54:21","guid":{"rendered":"https:\/\/parklight.com.tr\/?page_id=6103"},"modified":"2026-04-25T21:31:03","modified_gmt":"2026-04-25T21:31:03","slug":"blog","status":"publish","type":"page","link":"https:\/\/parklight.com.tr\/?page_id=6103","title":{"rendered":"Blog"},"content":{"rendered":"[vc_row type=&#8221;full_width_content&#8221; full_screen_row_position=&#8221;middle&#8221; column_margin=&#8221;default&#8221; equal_height=&#8221;yes&#8221; content_placement=&#8221;middle&#8221; column_direction=&#8221;default&#8221; column_direction_tablet=&#8221;default&#8221; column_direction_phone=&#8221;default&#8221; bg_color=&#8221;#edeef1&#8243; full_height=&#8221;yes&#8221; columns_placement=&#8221;stretch&#8221; animated_gradient_bg=&#8221;true&#8221; animated_gradient_bg_color_1=&#8221;#ecb5ff&#8221; animated_gradient_bg_speed=&#8221;850&#8243; animated_gradient_bg_blending_mode=&#8221;linear&#8221; scene_position=&#8221;center&#8221; text_color=&#8221;dark&#8221; text_align=&#8221;left&#8221; row_border_radius=&#8221;none&#8221; row_border_radius_applies=&#8221;bg&#8221; row_position_desktop=&#8221;default&#8221; row_position_tablet=&#8221;inherit&#8221; row_position_phone=&#8221;inherit&#8221; overflow=&#8221;hidden&#8221; advanced_gradient_angle=&#8221;15&#8243; overlay_strength=&#8221;0.3&#8243; gradient_direction=&#8221;left_to_right&#8221; shape_divider_position=&#8221;bottom&#8221; bg_image_animation=&#8221;clip-path&#8221; clip_path_animation_type=&#8221;default&#8221; clip_path_animation_applies=&#8221;row&#8221; clip_path_start_top_desktop=&#8221;0px&#8221; clip_path_start_bottom_desktop=&#8221;0px&#8221; clip_path_start_left_desktop=&#8221;0px&#8221; clip_path_start_right_desktop=&#8221;0px&#8221; clip_path_end_top_desktop=&#8221;30px&#8221; clip_path_end_bottom_desktop=&#8221;30px&#8221; clip_path_end_left_desktop=&#8221;30px&#8221; clip_path_end_right_desktop=&#8221;30px&#8221; clip_path_end_top_phone=&#8221;50px&#8221; clip_path_end_bottom_phone=&#8221;24px&#8221; clip_path_end_left_phone=&#8221;24px&#8221; clip_path_end_right_phone=&#8221;24px&#8221; clip_path_start_roundness=&#8221;0&#8243; clip_path_end_roundness=&#8221;20px&#8221; clip_path_animation_addon=&#8221;none&#8221; video_mute=&#8221;true&#8221; shape_type=&#8221;straight_section&#8221; gradient_type=&#8221;default&#8221; bg_image_animation_delay=&#8221;1000&#8243;][vc_column column_padding=&#8221;no-extra-padding&#8221; column_padding_tablet=&#8221;inherit&#8221; column_padding_phone=&#8221;inherit&#8221; column_padding_position=&#8221;all&#8221; flex_gap_desktop=&#8221;10px&#8221; column_element_direction_desktop=&#8221;default&#8221; column_element_spacing=&#8221;0px&#8221; desktop_text_alignment=&#8221;default&#8221; tablet_text_alignment=&#8221;default&#8221; phone_text_alignment=&#8221;default&#8221; background_color_opacity=&#8221;1&#8243; background_hover_color_opacity=&#8221;1&#8243; column_backdrop_filter=&#8221;none&#8221; column_shadow=&#8221;none&#8221; column_border_radius=&#8221;none&#8221; column_link_target=&#8221;_self&#8221; column_position=&#8221;static&#8221; advanced_gradient_angle=&#8221;0&#8243; gradient_direction=&#8221;left_to_right&#8221; overlay_strength=&#8221;0.3&#8243; width=&#8221;1\/1&#8243; tablet_width_inherit=&#8221;default&#8221; animation_type=&#8221;parallax&#8221; animation_movement_type=&#8221;default&#8221; column_parallax_intensity=&#8221;-4&#8243; bg_image_animation=&#8221;none&#8221; parallax_bg=&#8221;true&#8221; parallax_bg_speed=&#8221;medium_fast&#8221; border_type=&#8221;simple&#8221; column_border_width=&#8221;none&#8221; column_border_style=&#8221;solid&#8221; gradient_type=&#8221;default&#8221; column_padding_type=&#8221;default&#8221;][vc_row_inner column_margin=&#8221;default&#8221; column_direction=&#8221;default&#8221; column_direction_tablet=&#8221;default&#8221; column_direction_phone=&#8221;default&#8221; top_padding=&#8221;4%&#8221; bottom_padding=&#8221;30&#8243; left_padding_desktop=&#8221;22%&#8221; constrain_group_2=&#8221;yes&#8221; right_padding_desktop=&#8221;22%&#8221; left_padding_phone=&#8221;14%&#8221; constrain_group_6=&#8221;yes&#8221; right_padding_phone=&#8221;14%&#8221; text_align=&#8221;left&#8221; row_position=&#8221;default&#8221; row_position_tablet=&#8221;inherit&#8221; row_position_phone=&#8221;inherit&#8221; overflow=&#8221;visible&#8221; pointer_events=&#8221;all&#8221;][vc_column_inner flex_gap_desktop=&#8221;10px&#8221; column_element_direction_desktop=&#8221;default&#8221; column_element_spacing=&#8221;default&#8221; centered_text=&#8221;true&#8221; desktop_text_alignment=&#8221;default&#8221; tablet_text_alignment=&#8221;default&#8221; phone_text_alignment=&#8221;default&#8221; background_color_opacity=&#8221;1&#8243; background_hover_color_opacity=&#8221;1&#8243; column_backdrop_filter=&#8221;none&#8221; column_shadow=&#8221;none&#8221; column_border_radius=&#8221;none&#8221; column_link_target=&#8221;_self&#8221; overflow=&#8221;visible&#8221; advanced_gradient_angle=&#8221;0&#8243; gradient_direction=&#8221;left_to_right&#8221; overlay_strength=&#8221;1&#8243; width=&#8221;1\/1&#8243; tablet_width_inherit=&#8221;default&#8221; animation_type=&#8221;default&#8221; enable_animation=&#8221;true&#8221; animation=&#8221;slight-twist&#8221; animation_easing=&#8221;easeInOutCubic&#8221; bg_image_animation=&#8221;none&#8221; border_type=&#8221;simple&#8221; column_border_width=&#8221;none&#8221; column_border_color=&#8221;rgba(255,255,255,0.22)&#8221; column_border_style=&#8221;solid&#8221; gradient_type=&#8221;default&#8221; column_padding_type=&#8221;advanced&#8221; delay=&#8221;200&#8243;][nectar_highlighted_text scribble_color=&#8221;#000000&#8243; style=&#8221;scribble&#8221; scribble_shape=&#8221;basic-underline&#8221; scribble_thickness=&#8221;thin&#8221; scribble_speed=&#8221;1.8s&#8221; scribble_easing=&#8221;ease_out&#8221; custom_font_size=&#8221;6vw&#8221; delay=&#8221;1000&#8243; font_size_tablet=&#8221;6vw&#8221; font_line_height=&#8221;1.1&#8243; font_size_phone=&#8221;10vw&#8221; text_direction=&#8221;default&#8221;]\n<h1><i>Blog<\/i><\/h1>\n[\/nectar_highlighted_text][\/vc_column_inner][\/vc_row_inner][vc_row_inner column_margin=&#8221;default&#8221; column_direction=&#8221;default&#8221; column_direction_tablet=&#8221;default&#8221; column_direction_phone=&#8221;default&#8221; text_align=&#8221;left&#8221; row_position=&#8221;default&#8221; row_position_tablet=&#8221;inherit&#8221; row_position_phone=&#8221;inherit&#8221; overflow=&#8221;visible&#8221; pointer_events=&#8221;all&#8221;][vc_column_inner left_padding_desktop=&#8221;38%&#8221; constrain_group_101=&#8221;yes&#8221; right_padding_desktop=&#8221;38%&#8221; left_padding_tablet=&#8221;30%&#8221; constrain_group_103=&#8221;yes&#8221; right_padding_tablet=&#8221;30%&#8221; left_padding_phone=&#8221;20%&#8221; constrain_group_105=&#8221;yes&#8221; right_padding_phone=&#8221;20%&#8221; flex_gap_desktop=&#8221;10px&#8221; column_element_direction_desktop=&#8221;default&#8221; column_element_spacing=&#8221;default&#8221; centered_text=&#8221;true&#8221; desktop_text_alignment=&#8221;default&#8221; tablet_text_alignment=&#8221;default&#8221; phone_text_alignment=&#8221;default&#8221; background_color_opacity=&#8221;1&#8243; background_hover_color_opacity=&#8221;1&#8243; column_backdrop_filter=&#8221;none&#8221; column_shadow=&#8221;none&#8221; column_border_radius=&#8221;none&#8221; column_link_target=&#8221;_self&#8221; overflow=&#8221;visible&#8221; advanced_gradient_angle=&#8221;0&#8243; gradient_direction=&#8221;left_to_right&#8221; overlay_strength=&#8221;1&#8243; width=&#8221;1\/1&#8243; tablet_width_inherit=&#8221;default&#8221; animation_type=&#8221;default&#8221; enable_animation=&#8221;true&#8221; animation=&#8221;slight-twist&#8221; animation_easing=&#8221;easeInOutCubic&#8221; bg_image_animation=&#8221;none&#8221; border_type=&#8221;simple&#8221; column_border_width=&#8221;none&#8221; column_border_color=&#8221;rgba(255,255,255,0.22)&#8221; column_border_style=&#8221;solid&#8221; gradient_type=&#8221;default&#8221; column_padding_type=&#8221;advanced&#8221;][vc_column_text css=&#8221;&#8221; text_direction=&#8221;default&#8221;]LED ayd\u0131nlatma blogu sayfam\u0131zda, end\u00fcstriyel ve mimari ayd\u0131nlatma hakk\u0131nda detayl\u0131 rehberler, profesyonel bilgiler ve uygulama \u00f6rnekleri bulabilirsiniz.[\/vc_column_text][vc_column_text css=&#8221;&#8221; text_direction=&#8221;default&#8221;]Ayd\u0131nlatma blogu i\u00e7eriklerimiz, do\u011fru \u00fcr\u00fcn se\u00e7imi, enerji verimlili\u011fi ve modern ayd\u0131nlatma \u00e7\u00f6z\u00fcmleri hakk\u0131nda bilgi sunarak projelerinize de\u011fer katmay\u0131 ama\u00e7lar.[\/vc_column_text][\/vc_column_inner][\/vc_row_inner][vc_row_inner column_margin=&#8221;none&#8221; column_direction=&#8221;default&#8221; column_direction_tablet=&#8221;default&#8221; column_direction_phone=&#8221;default&#8221; translate_x=&#8221;-50%&#8221; text_align=&#8221;left&#8221; row_position=&#8221;absolute&#8221; row_position_tablet=&#8221;inherit&#8221; row_position_phone=&#8221;inherit&#8221; bottom_position_desktop=&#8221;60&#8243; left_position_desktop=&#8221;50%&#8221; zindex=&#8221;10&#8243; overflow=&#8221;visible&#8221; pointer_events=&#8221;all&#8221;][vc_column_inner column_padding=&#8221;no-extra-padding&#8221; column_padding_tablet=&#8221;inherit&#8221; column_padding_phone=&#8221;inherit&#8221; column_padding_position=&#8221;all&#8221; flex_gap_desktop=&#8221;10px&#8221; column_element_direction_desktop=&#8221;default&#8221; column_element_spacing=&#8221;default&#8221; desktop_text_alignment=&#8221;default&#8221; tablet_text_alignment=&#8221;default&#8221; phone_text_alignment=&#8221;default&#8221; background_color_opacity=&#8221;1&#8243; background_hover_color_opacity=&#8221;1&#8243; column_backdrop_filter=&#8221;none&#8221; column_shadow=&#8221;none&#8221; column_border_radius=&#8221;none&#8221; column_link_target=&#8221;_self&#8221; overflow=&#8221;visible&#8221; advanced_gradient_angle=&#8221;0&#8243; gradient_direction=&#8221;left_to_right&#8221; overlay_strength=&#8221;0.3&#8243; width=&#8221;1\/1&#8243; tablet_width_inherit=&#8221;default&#8221; animation_type=&#8221;default&#8221; enable_animation=&#8221;true&#8221; animation=&#8221;fade-in&#8221; animation_easing=&#8221;default&#8221; bg_image_animation=&#8221;none&#8221; border_type=&#8221;simple&#8221; column_border_width=&#8221;none&#8221; column_border_style=&#8221;solid&#8221; gradient_type=&#8221;default&#8221; delay=&#8221;1500&#8243; animation_offset=&#8221;100%&#8221; column_padding_type=&#8221;default&#8221; offset=&#8221;vc_hidden-lg vc_hidden-md&#8221;][\/vc_column_inner][\/vc_row_inner][\/vc_column][\/vc_row][vc_row type=&#8221;in_container&#8221; full_screen_row_position=&#8221;middle&#8221; column_margin=&#8221;default&#8221; column_direction=&#8221;default&#8221; column_direction_tablet=&#8221;default&#8221; column_direction_phone=&#8221;default&#8221; scene_position=&#8221;center&#8221; text_color=&#8221;dark&#8221; text_align=&#8221;left&#8221; row_border_radius=&#8221;none&#8221; row_border_radius_applies=&#8221;bg&#8221; row_position_desktop=&#8221;default&#8221; row_position_tablet=&#8221;inherit&#8221; row_position_phone=&#8221;inherit&#8221; overflow=&#8221;visible&#8221; overlay_strength=&#8221;0.3&#8243; gradient_direction=&#8221;left_to_right&#8221; shape_divider_position=&#8221;bottom&#8221; bg_image_animation=&#8221;none&#8221;][vc_column column_padding=&#8221;no-extra-padding&#8221; column_padding_tablet=&#8221;inherit&#8221; column_padding_phone=&#8221;inherit&#8221; column_padding_position=&#8221;all&#8221; flex_gap_desktop=&#8221;10px&#8221; column_element_direction_desktop=&#8221;default&#8221; column_element_spacing=&#8221;default&#8221; desktop_text_alignment=&#8221;default&#8221; tablet_text_alignment=&#8221;default&#8221; phone_text_alignment=&#8221;default&#8221; background_color_opacity=&#8221;1&#8243; background_hover_color_opacity=&#8221;1&#8243; column_backdrop_filter=&#8221;none&#8221; column_shadow=&#8221;none&#8221; column_border_radius=&#8221;none&#8221; column_link_target=&#8221;_self&#8221; column_position=&#8221;default&#8221; gradient_direction=&#8221;left_to_right&#8221; overlay_strength=&#8221;0.3&#8243; width=&#8221;1\/1&#8243; tablet_width_inherit=&#8221;default&#8221; animation_type=&#8221;default&#8221; bg_image_animation=&#8221;none&#8221; border_type=&#8221;simple&#8221; column_border_width=&#8221;none&#8221; column_border_style=&#8221;solid&#8221;][nectar_post_grid post_type=&#8221;post&#8221; blog_category=&#8221;all&#8221; blog_starting_category=&#8221;all&#8221; order=&#8221;DESC&#8221; orderby=&#8221;rand&#8221; pagination=&#8221;none&#8221; columns=&#8221;2&#8243; columns_tablet=&#8221;default&#8221; columns_phone=&#8221;default&#8221; grid_item_spacing=&#8221;5px&#8221; grid_item_height=&#8221;60vh&#8221; enable_masonry=&#8221;yes&#8221; 2_col_masonry_layout=&#8221;default&#8221; image_size=&#8221;full&#8221; image_loading=&#8221;lazy-load&#8221; animation=&#8221;none&#8221; animation_stagger=&#8221;100&#8243; animation_easing=&#8221;easeInOutCubic&#8221; heading_tag=&#8221;default&#8221; heading_tag_render=&#8221;default&#8221; font_size_min=&#8221;16px&#8221; font_size_max=&#8221;24px&#8221; enable_indicator=&#8221;yes&#8221; mouse_indicator_style=&#8221;tooltip_text&#8221; mouse_indicator_text=&#8221;read&#8221; mouse_indicator_color=&#8221;rgba(255,255,255,0.25)&#8221; mouse_indicator_text_color=&#8221;#000000&#8243; mouse_indicator_blurred_bg=&#8221;yes&#8221; display_categories=&#8221;yes&#8221; category_functionality=&#8221;default&#8221; category_position=&#8221;default&#8221; category_style=&#8221;button&#8221; category_display=&#8221;parent_only&#8221; display_date=&#8221;yes&#8221; display_author=&#8221;yes&#8221; author_functionality=&#8221;default&#8221; author_position=&#8221;default&#8221; additional_meta_size=&#8221;small&#8221; custom_fields_location=&#8221;before_post_meta&#8221; grid_style=&#8221;content_overlaid&#8221; text_content_layout=&#8221;all_bottom_left_shadow&#8221; color_overlay_opacity=&#8221;0.3&#8243; color_overlay_hover_opacity=&#8221;0.4&#8243; text_color=&#8221;light&#8221; text_color_hover=&#8221;light&#8221; text_opacity=&#8221;1&#8243; text_hover_opacity=&#8221;1&#8243; hover_effect=&#8221;animated_underline_zoom&#8221; border_radius=&#8221;10px&#8221; custom_font_size=&#8221;1.3vw&#8221; posts_per_page=&#8221;9&#8243; display_type=&#8221;grid&#8221; post_offset=&#8221;0&#8243; image_loading_lazy_skip=&#8221;3&#8243; font_line_height=&#8221;1.4&#8243;][\/vc_column][\/vc_row]\n","protected":false},"excerpt":{"rendered":"<p>[vc_row type=&#8221;full_width_content&#8221; full_screen_row_position=&#8221;middle&#8221; column_margin=&#8221;default&#8221; equal_height=&#8221;yes&#8221; content_placement=&#8221;middle&#8221; column_direction=&#8221;default&#8221; column_direction_tablet=&#8221;default&#8221; column_direction_phone=&#8221;default&#8221; bg_color=&#8221;#edeef1&#8243; full_height=&#8221;yes&#8221; columns_placement=&#8221;stretch&#8221; animated_gradient_bg=&#8221;true&#8221; animated_gradient_bg_color_1=&#8221;#ecb5ff&#8221; animated_gradient_bg_speed=&#8221;850&#8243; animated_gradient_bg_blending_mode=&#8221;linear&#8221; scene_position=&#8221;center&#8221; text_color=&#8221;dark&#8221; text_align=&#8221;left&#8221; row_border_radius=&#8221;none&#8221; row_border_radius_applies=&#8221;bg&#8221; row_position_desktop=&#8221;default&#8221; row_position_tablet=&#8221;inherit&#8221; row_position_phone=&#8221;inherit&#8221; overflow=&#8221;hidden&#8221; advanced_gradient_angle=&#8221;15&#8243; overlay_strength=&#8221;0.3&#8243; gradient_direction=&#8221;left_to_right&#8221; shape_divider_position=&#8221;bottom&#8221; bg_image_animation=&#8221;clip-path&#8221;&#8230;<\/p>\n","protected":false},"author":1,"featured_media":0,"parent":0,"menu_order":0,"comment_status":"closed","ping_status":"closed","template":"","meta":{"footnotes":""},"class_list":["post-6103","page","type-page","status-publish"],"yoast_head":"<!-- This site is optimized with the Yoast SEO plugin v27.4 - https:\/\/yoast.com\/product\/yoast-seo-wordpress\/ -->\n<title>Ayd\u0131nlatma Blogu | LED, End\u00fcstriyel ve Mimari Ayd\u0131nlatma \u00c7\u00f6z\u00fcm\u00fc<\/title>\n<meta name=\"description\" content=\"LED ayd\u0131nlatma blogu Parklight\u2019ta. End\u00fcstriyel ve mimari ayd\u0131nlatma hakk\u0131nda rehberler, ipu\u00e7lar\u0131 ve profesyonel bilgiler.\" \/>\n<meta name=\"robots\" content=\"index, follow, max-snippet:-1, max-image-preview:large, max-video-preview:-1\" \/>\n<link rel=\"canonical\" href=\"https:\/\/parklight.com.tr\/?page_id=6103\" \/>\n<meta property=\"og:locale\" content=\"tr_TR\" \/>\n<meta property=\"og:type\" content=\"article\" \/>\n<meta property=\"og:title\" content=\"Ayd\u0131nlatma Blogu | LED, End\u00fcstriyel ve Mimari Ayd\u0131nlatma \u00c7\u00f6z\u00fcm\u00fc\" \/>\n<meta property=\"og:description\" content=\"LED ayd\u0131nlatma blogu Parklight\u2019ta. End\u00fcstriyel ve mimari ayd\u0131nlatma hakk\u0131nda rehberler, ipu\u00e7lar\u0131 ve profesyonel bilgiler.\" \/>\n<meta property=\"og:url\" content=\"https:\/\/parklight.com.tr\/?page_id=6103\" \/>\n<meta property=\"og:site_name\" content=\"Parklight Ayd\u0131nlatma\" \/>\n<meta property=\"article:modified_time\" content=\"2026-04-25T21:31:03+00:00\" \/>\n<meta name=\"twitter:card\" content=\"summary_large_image\" \/>\n<meta name=\"twitter:label1\" content=\"Tahmini okuma s\u00fcresi\" \/>\n\t<meta name=\"twitter:data1\" content=\"1 dakika\" \/>\n<script type=\"application\/ld+json\" class=\"yoast-schema-graph\">{\"@context\":\"https:\\\/\\\/schema.org\",\"@graph\":[{\"@type\":\"WebPage\",\"@id\":\"https:\\\/\\\/parklight.com.tr\\\/?page_id=6103\",\"url\":\"https:\\\/\\\/parklight.com.tr\\\/?page_id=6103\",\"name\":\"Ayd\u0131nlatma Blogu | LED, End\u00fcstriyel ve Mimari Ayd\u0131nlatma \u00c7\u00f6z\u00fcm\u00fc\",\"isPartOf\":{\"@id\":\"https:\\\/\\\/parklight.com.tr\\\/#website\"},\"datePublished\":\"2026-03-10T11:54:21+00:00\",\"dateModified\":\"2026-04-25T21:31:03+00:00\",\"description\":\"LED ayd\u0131nlatma blogu Parklight\u2019ta. End\u00fcstriyel ve mimari ayd\u0131nlatma hakk\u0131nda rehberler, ipu\u00e7lar\u0131 ve profesyonel bilgiler.\",\"breadcrumb\":{\"@id\":\"https:\\\/\\\/parklight.com.tr\\\/?page_id=6103#breadcrumb\"},\"inLanguage\":\"tr\",\"potentialAction\":[{\"@type\":\"ReadAction\",\"target\":[\"https:\\\/\\\/parklight.com.tr\\\/?page_id=6103\"]}]},{\"@type\":\"BreadcrumbList\",\"@id\":\"https:\\\/\\\/parklight.com.tr\\\/?page_id=6103#breadcrumb\",\"itemListElement\":[{\"@type\":\"ListItem\",\"position\":1,\"name\":\"Anasayfa\",\"item\":\"https:\\\/\\\/parklight.com.tr\\\/\"},{\"@type\":\"ListItem\",\"position\":2,\"name\":\"Blog\"}]},{\"@type\":\"WebSite\",\"@id\":\"https:\\\/\\\/parklight.com.tr\\\/#website\",\"url\":\"https:\\\/\\\/parklight.com.tr\\\/\",\"name\":\"Parklight Ayd\u0131nlatma\",\"description\":\"Led Ayd\u0131nlatma Teknolojileri\",\"publisher\":{\"@id\":\"https:\\\/\\\/parklight.com.tr\\\/#organization\"},\"potentialAction\":[{\"@type\":\"SearchAction\",\"target\":{\"@type\":\"EntryPoint\",\"urlTemplate\":\"https:\\\/\\\/parklight.com.tr\\\/?s={search_term_string}\"},\"query-input\":{\"@type\":\"PropertyValueSpecification\",\"valueRequired\":true,\"valueName\":\"search_term_string\"}}],\"inLanguage\":\"tr\"},{\"@type\":\"Organization\",\"@id\":\"https:\\\/\\\/parklight.com.tr\\\/#organization\",\"name\":\"Parklight Ayd\u0131nlatma\",\"alternateName\":\"Parklight\",\"url\":\"https:\\\/\\\/parklight.com.tr\\\/\",\"logo\":{\"@type\":\"ImageObject\",\"inLanguage\":\"tr\",\"@id\":\"https:\\\/\\\/parklight.com.tr\\\/#\\\/schema\\\/logo\\\/image\\\/\",\"url\":\"https:\\\/\\\/parklight.com.tr\\\/wp-content\\\/uploads\\\/2026\\\/02\\\/Adsiz-tasarim-14.png\",\"contentUrl\":\"https:\\\/\\\/parklight.com.tr\\\/wp-content\\\/uploads\\\/2026\\\/02\\\/Adsiz-tasarim-14.png\",\"width\":278,\"height\":182,\"caption\":\"Parklight Ayd\u0131nlatma\"},\"image\":{\"@id\":\"https:\\\/\\\/parklight.com.tr\\\/#\\\/schema\\\/logo\\\/image\\\/\"},\"sameAs\":[\"https:\\\/\\\/www.instagram.com\\\/parklightaydinlatma\\\/\",\"https:\\\/\\\/www.linkedin.com\\\/company\\\/parklightaydinlatma\\\/\"]}]}<\/script>\n<!-- \/ Yoast SEO plugin. -->","yoast_head_json":{"title":"Ayd\u0131nlatma Blogu | LED, End\u00fcstriyel ve Mimari Ayd\u0131nlatma \u00c7\u00f6z\u00fcm\u00fc","description":"LED ayd\u0131nlatma blogu Parklight\u2019ta. End\u00fcstriyel ve mimari ayd\u0131nlatma hakk\u0131nda rehberler, ipu\u00e7lar\u0131 ve profesyonel bilgiler.","robots":{"index":"index","follow":"follow","max-snippet":"max-snippet:-1","max-image-preview":"max-image-preview:large","max-video-preview":"max-video-preview:-1"},"canonical":"https:\/\/parklight.com.tr\/?page_id=6103","og_locale":"tr_TR","og_type":"article","og_title":"Ayd\u0131nlatma Blogu | LED, End\u00fcstriyel ve Mimari Ayd\u0131nlatma \u00c7\u00f6z\u00fcm\u00fc","og_description":"LED ayd\u0131nlatma blogu Parklight\u2019ta. End\u00fcstriyel ve mimari ayd\u0131nlatma hakk\u0131nda rehberler, ipu\u00e7lar\u0131 ve profesyonel bilgiler.","og_url":"https:\/\/parklight.com.tr\/?page_id=6103","og_site_name":"Parklight Ayd\u0131nlatma","article_modified_time":"2026-04-25T21:31:03+00:00","twitter_card":"summary_large_image","twitter_misc":{"Tahmini okuma s\u00fcresi":"1 dakika"},"schema":{"@context":"https:\/\/schema.org","@graph":[{"@type":"WebPage","@id":"https:\/\/parklight.com.tr\/?page_id=6103","url":"https:\/\/parklight.com.tr\/?page_id=6103","name":"Ayd\u0131nlatma Blogu | LED, End\u00fcstriyel ve Mimari Ayd\u0131nlatma \u00c7\u00f6z\u00fcm\u00fc","isPartOf":{"@id":"https:\/\/parklight.com.tr\/#website"},"datePublished":"2026-03-10T11:54:21+00:00","dateModified":"2026-04-25T21:31:03+00:00","description":"LED ayd\u0131nlatma blogu Parklight\u2019ta. End\u00fcstriyel ve mimari ayd\u0131nlatma hakk\u0131nda rehberler, ipu\u00e7lar\u0131 ve profesyonel bilgiler.","breadcrumb":{"@id":"https:\/\/parklight.com.tr\/?page_id=6103#breadcrumb"},"inLanguage":"tr","potentialAction":[{"@type":"ReadAction","target":["https:\/\/parklight.com.tr\/?page_id=6103"]}]},{"@type":"BreadcrumbList","@id":"https:\/\/parklight.com.tr\/?page_id=6103#breadcrumb","itemListElement":[{"@type":"ListItem","position":1,"name":"Anasayfa","item":"https:\/\/parklight.com.tr\/"},{"@type":"ListItem","position":2,"name":"Blog"}]},{"@type":"WebSite","@id":"https:\/\/parklight.com.tr\/#website","url":"https:\/\/parklight.com.tr\/","name":"Parklight Ayd\u0131nlatma","description":"Led Ayd\u0131nlatma Teknolojileri","publisher":{"@id":"https:\/\/parklight.com.tr\/#organization"},"potentialAction":[{"@type":"SearchAction","target":{"@type":"EntryPoint","urlTemplate":"https:\/\/parklight.com.tr\/?s={search_term_string}"},"query-input":{"@type":"PropertyValueSpecification","valueRequired":true,"valueName":"search_term_string"}}],"inLanguage":"tr"},{"@type":"Organization","@id":"https:\/\/parklight.com.tr\/#organization","name":"Parklight Ayd\u0131nlatma","alternateName":"Parklight","url":"https:\/\/parklight.com.tr\/","logo":{"@type":"ImageObject","inLanguage":"tr","@id":"https:\/\/parklight.com.tr\/#\/schema\/logo\/image\/","url":"https:\/\/parklight.com.tr\/wp-content\/uploads\/2026\/02\/Adsiz-tasarim-14.png","contentUrl":"https:\/\/parklight.com.tr\/wp-content\/uploads\/2026\/02\/Adsiz-tasarim-14.png","width":278,"height":182,"caption":"Parklight Ayd\u0131nlatma"},"image":{"@id":"https:\/\/parklight.com.tr\/#\/schema\/logo\/image\/"},"sameAs":["https:\/\/www.instagram.com\/parklightaydinlatma\/","https:\/\/www.linkedin.com\/company\/parklightaydinlatma\/"]}]}},"jetpack_sharing_enabled":true,"_links":{"self":[{"href":"https:\/\/parklight.com.tr\/index.php?rest_route=\/wp\/v2\/pages\/6103","targetHints":{"allow":["GET"]}}],"collection":[{"href":"https:\/\/parklight.com.tr\/index.php?rest_route=\/wp\/v2\/pages"}],"about":[{"href":"https:\/\/parklight.com.tr\/index.php?rest_route=\/wp\/v2\/types\/page"}],"author":[{"embeddable":true,"href":"https:\/\/parklight.com.tr\/index.php?rest_route=\/wp\/v2\/users\/1"}],"replies":[{"embeddable":true,"href":"https:\/\/parklight.com.tr\/index.php?rest_route=%2Fwp%2Fv2%2Fcomments&post=6103"}],"version-history":[{"count":10,"href":"https:\/\/parklight.com.tr\/index.php?rest_route=\/wp\/v2\/pages\/6103\/revisions"}],"predecessor-version":[{"id":6358,"href":"https:\/\/parklight.com.tr\/index.php?rest_route=\/wp\/v2\/pages\/6103\/revisions\/6358"}],"wp:attachment":[{"href":"https:\/\/parklight.com.tr\/index.php?rest_route=%2Fwp%2Fv2%2Fmedia&parent=6103"}],"curies":[{"name":"wp","href":"https:\/\/api.w.org\/{rel}","templated":true}]}}