{"id":5835,"date":"2026-02-11T20:45:19","date_gmt":"2026-02-11T20:45:19","guid":{"rendered":"https:\/\/parklight.com.tr\/?post_type=product&#038;p=5835"},"modified":"2026-02-11T21:22:02","modified_gmt":"2026-02-11T21:22:02","slug":"andromeda-3030","status":"publish","type":"product","link":"https:\/\/parklight.com.tr\/?product=andromeda-3030","title":{"rendered":"Andromeda &#8211; 3030"},"content":{"rendered":"<table>\n<thead>\n<tr>\n<th>Model Kodu<\/th>\n<th>Giri\u015f Voltaj\u0131<\/th>\n<th>G\u00fc\u00e7<\/th>\n<th>Renk S\u0131cakl\u0131\u011f\u0131 (CCT)<\/th>\n<th>CRI<\/th>\n<th>I\u015f\u0131k Ak\u0131s\u0131<\/th>\n<th>\u00d6l\u00e7\u00fc (mm)<\/th>\n<th>Kesim \u00d6l\u00e7\u00fcs\u00fc<\/th>\n<th>A\u011f\u0131rl\u0131k<\/th>\n<\/tr>\n<\/thead>\n<tbody>\n<tr>\n<td>PGP-3030-12-NW<\/td>\n<td>220\u2013240V AC<\/td>\n<td>20W<\/td>\n<td>4000K (Natural White)<\/td>\n<td>Ra&gt;80<\/td>\n<td>1550 lm<\/td>\n<td>295\u00d7295\u00d758<\/td>\n<td>280 mm<\/td>\n<td>650 gr<\/td>\n<\/tr>\n<tr>\n<td>PGP-3030-12-NW-ALC<\/td>\n<td>220\u2013240V AC<\/td>\n<td>20W<\/td>\n<td>4000K (Natural White)<\/td>\n<td>Ra&gt;80<\/td>\n<td>1550 lm<\/td>\n<td>295\u00d7295\u00d758<\/td>\n<td>280 mm<\/td>\n<td>650 gr<\/td>\n<\/tr>\n<tr>\n<td>PGP-3030-12-NW-CLP<\/td>\n<td>220\u2013240V AC<\/td>\n<td>20W<\/td>\n<td>4000K (Natural White)<\/td>\n<td>Ra&gt;80<\/td>\n<td>1550 lm<\/td>\n<td>280\u00d7280\u00d758<\/td>\n<td>280 mm<\/td>\n<td>650 gr<\/td>\n<\/tr>\n<\/tbody>\n<\/table>\n","protected":false},"excerpt":{"rendered":"<h3><strong>\u00d6zellikler :<\/strong><br \/>\nElektrostatik toz boyal\u0131 metal g\u00f6vde<br \/>\nHomojen \u0131\u015f\u0131k da\u011f\u0131l\u0131m\u0131 ile y\u00fcksek \u0131\u015f\u0131k ge\u00e7irgenlikli opal beyaz dif\u00fcz\u00f6r<br \/>\n130lm\/W Armat\u00fcr \u0131\u015f\u0131k \u015fiddeti<br \/>\nT\u00fcm aksesuarlar\u0131 ile metal ve al\u00e7\u0131pan tavana kolay montaj<br \/>\n\u00c7al\u0131\u015fma s\u0131cakl\u0131\u011f\u0131 -20\u00b0C . . 45\u00b0C<\/h3>\n<h3><strong>Features:<\/strong><\/h3>\n<h3>Flat housing made of painted sheet steel<br \/>\nOpal white diffuser with lambertian light distribution and high transmissivity<br \/>\nLuminaire luminous flux to 130lm\/W<br \/>\nEasy installation with all accessory recessed mounting<br \/>\nAmbiant temperature -20\u00b0C . . 45\u00b0C<\/h3>\n","protected":false},"featured_media":5834,"template":"","meta":{"advanced_seo_description":"","jetpack_seo_html_title":"","jetpack_seo_noindex":false},"product_brand":[],"product_cat":[38,46],"product_tag":[77,76],"class_list":{"0":"post-5835","1":"product","2":"type-product","3":"status-publish","4":"has-post-thumbnail","6":"product_cat-ic-mekan-aydinlatma","7":"product_cat-siva-alti-led","8":"product_tag-ic-mekan","9":"product_tag-siva-alti-led","11":"first","12":"instock","13":"shipping-taxable","14":"product-type-simple"},"jetpack_sharing_enabled":true,"_links":{"self":[{"href":"https:\/\/parklight.com.tr\/index.php?rest_route=\/wp\/v2\/product\/5835","targetHints":{"allow":["GET"]}}],"collection":[{"href":"https:\/\/parklight.com.tr\/index.php?rest_route=\/wp\/v2\/product"}],"about":[{"href":"https:\/\/parklight.com.tr\/index.php?rest_route=\/wp\/v2\/types\/product"}],"wp:featuredmedia":[{"embeddable":true,"href":"https:\/\/parklight.com.tr\/index.php?rest_route=\/wp\/v2\/media\/5834"}],"wp:attachment":[{"href":"https:\/\/parklight.com.tr\/index.php?rest_route=%2Fwp%2Fv2%2Fmedia&parent=5835"}],"wp:term":[{"taxonomy":"product_brand","embeddable":true,"href":"https:\/\/parklight.com.tr\/index.php?rest_route=%2Fwp%2Fv2%2Fproduct_brand&post=5835"},{"taxonomy":"product_cat","embeddable":true,"href":"https:\/\/parklight.com.tr\/index.php?rest_route=%2Fwp%2Fv2%2Fproduct_cat&post=5835"},{"taxonomy":"product_tag","embeddable":true,"href":"https:\/\/parklight.com.tr\/index.php?rest_route=%2Fwp%2Fv2%2Fproduct_tag&post=5835"}],"curies":[{"name":"wp","href":"https:\/\/api.w.org\/{rel}","templated":true}]}}