{"id":5839,"date":"2026-02-11T21:09:12","date_gmt":"2026-02-11T21:09:12","guid":{"rendered":"https:\/\/parklight.com.tr\/?post_type=product&#038;p=5839"},"modified":"2026-02-11T21:22:36","modified_gmt":"2026-02-11T21:22:36","slug":"andromeda-6060","status":"publish","type":"product","link":"https:\/\/parklight.com.tr\/?product=andromeda-6060","title":{"rendered":"Andromeda &#8211; 6060"},"content":{"rendered":"<table>\n<thead>\n<tr>\n<th>Order Code<\/th>\n<th>Input Voltage<\/th>\n<th>Power<\/th>\n<th>CCT<\/th>\n<th>CRI<\/th>\n<th>Light Output<\/th>\n<th>Dimension<\/th>\n<th>Weight<\/th>\n<\/tr>\n<\/thead>\n<tbody>\n<tr>\n<td>PGP-6060-32-NW<\/td>\n<td>220\u2013240V AC<\/td>\n<td>32W<\/td>\n<td>4000K<\/td>\n<td>Ra&gt;80<\/td>\n<td>~3500 lm<\/td>\n<td>595\u00d7595\u00d758<\/td>\n<td>950 gr<\/td>\n<\/tr>\n<tr>\n<td>PGP-6060-32-NW-ALC<\/td>\n<td>220\u2013240V AC<\/td>\n<td>32W<\/td>\n<td>4000K<\/td>\n<td>Ra&gt;80<\/td>\n<td>~3500 lm<\/td>\n<td>595\u00d7595\u00d758<\/td>\n<td>950 gr<\/td>\n<\/tr>\n<tr>\n<td>PGP-6060-32-NW-CLP<\/td>\n<td>220\u2013240V AC<\/td>\n<td>32W<\/td>\n<td>4000K<\/td>\n<td>Ra&gt;80<\/td>\n<td>~3500 lm<\/td>\n<td>595\u00d7595\u00d758<\/td>\n<td>950 gr<\/td>\n<\/tr>\n<tr>\n<td>PGP-6060-36-NW<\/td>\n<td>220\u2013240V AC<\/td>\n<td>36W<\/td>\n<td>4000K<\/td>\n<td>Ra&gt;80<\/td>\n<td>~4000 lm<\/td>\n<td>595\u00d7595\u00d758<\/td>\n<td>950 gr<\/td>\n<\/tr>\n<tr>\n<td>PGP-6060-36-NW-ALC<\/td>\n<td>220\u2013240V AC<\/td>\n<td>36W<\/td>\n<td>4000K<\/td>\n<td>Ra&gt;80<\/td>\n<td>~4000 lm<\/td>\n<td>595\u00d7595\u00d758<\/td>\n<td>950 gr<\/td>\n<\/tr>\n<tr>\n<td>PGP-6060-36-NW-CLP<\/td>\n<td>220\u2013240V AC<\/td>\n<td>36W<\/td>\n<td>4000K<\/td>\n<td>Ra&gt;80<\/td>\n<td>~4000 lm<\/td>\n<td>595\u00d7595\u00d758<\/td>\n<td>950 gr<\/td>\n<\/tr>\n<tr>\n<td>PGP-6060-40-NW<\/td>\n<td>220\u2013240V AC<\/td>\n<td>40W<\/td>\n<td>4000K<\/td>\n<td>Ra&gt;80<\/td>\n<td>4300 lm<\/td>\n<td>595\u00d7595\u00d758<\/td>\n<td>950 gr<\/td>\n<\/tr>\n<tr>\n<td>PGP-6060-40-NW-ALC<\/td>\n<td>220\u2013240V AC<\/td>\n<td>40W<\/td>\n<td>4000K<\/td>\n<td>Ra&gt;80<\/td>\n<td>4300 lm<\/td>\n<td>595\u00d7595\u00d758<\/td>\n<td>950 gr<\/td>\n<\/tr>\n<tr>\n<td>PGP-6060-40-NW-CLP<\/td>\n<td>220\u2013240V AC<\/td>\n<td>40W<\/td>\n<td>4000K<\/td>\n<td>Ra&gt;80<\/td>\n<td>4300 lm<\/td>\n<td>595\u00d7595\u00d758<\/td>\n<td>950 gr<\/td>\n<\/tr>\n<\/tbody>\n<\/table>\n","protected":false},"excerpt":{"rendered":"<h3>\u00d6zellikler:<br \/>\nElektrostatik toz boyal\u0131 metal g\u00f6vde<br \/>\nHomojen \u0131\u015f\u0131k da\u011f\u0131l\u0131m\u0131 ile y\u00fcksek \u0131\u015f\u0131k ge\u00e7irgenlikli opal beyaz dif\u00fcz\u00f6r<br \/>\n130lm\/W Armat\u00fcr \u0131\u015f\u0131k \u015fiddeti<br \/>\nT\u00fcm aksesuarlar\u0131 ile metal ve al\u00e7\u0131pan tavana kolay montaj<br \/>\n\u00c7al\u0131\u015fma s\u0131cakl\u0131\u011f\u0131 -20\u00b0C . . 45\u00b0C<\/h3>\n<h3><\/h3>\n<h3>Features :<br \/>\nFlat housing made of painted sheet steel<br \/>\nOpal white diffuser with lambertian light distribution and high transmissivity<br \/>\nLuminaire luminous flux to 130lm\/W<br \/>\nEasy installation with all accessory recessed mounting<br \/>\nAmbiant temperature -20\u00b0C . . 45\u00b0C<\/h3>\n","protected":false},"featured_media":5834,"template":"","meta":{"advanced_seo_description":"","jetpack_seo_html_title":"","jetpack_seo_noindex":false},"product_brand":[],"product_cat":[38,46],"product_tag":[77],"class_list":{"0":"post-5839","1":"product","2":"type-product","3":"status-publish","4":"has-post-thumbnail","6":"product_cat-ic-mekan-aydinlatma","7":"product_cat-siva-alti-led","8":"product_tag-ic-mekan","10":"first","11":"instock","12":"shipping-taxable","13":"product-type-simple"},"jetpack_sharing_enabled":true,"_links":{"self":[{"href":"https:\/\/parklight.com.tr\/index.php?rest_route=\/wp\/v2\/product\/5839","targetHints":{"allow":["GET"]}}],"collection":[{"href":"https:\/\/parklight.com.tr\/index.php?rest_route=\/wp\/v2\/product"}],"about":[{"href":"https:\/\/parklight.com.tr\/index.php?rest_route=\/wp\/v2\/types\/product"}],"wp:featuredmedia":[{"embeddable":true,"href":"https:\/\/parklight.com.tr\/index.php?rest_route=\/wp\/v2\/media\/5834"}],"wp:attachment":[{"href":"https:\/\/parklight.com.tr\/index.php?rest_route=%2Fwp%2Fv2%2Fmedia&parent=5839"}],"wp:term":[{"taxonomy":"product_brand","embeddable":true,"href":"https:\/\/parklight.com.tr\/index.php?rest_route=%2Fwp%2Fv2%2Fproduct_brand&post=5839"},{"taxonomy":"product_cat","embeddable":true,"href":"https:\/\/parklight.com.tr\/index.php?rest_route=%2Fwp%2Fv2%2Fproduct_cat&post=5839"},{"taxonomy":"product_tag","embeddable":true,"href":"https:\/\/parklight.com.tr\/index.php?rest_route=%2Fwp%2Fv2%2Fproduct_tag&post=5839"}],"curies":[{"name":"wp","href":"https:\/\/api.w.org\/{rel}","templated":true}]}}