{"id":5850,"date":"2026-02-11T22:31:41","date_gmt":"2026-02-11T22:31:41","guid":{"rendered":"https:\/\/parklight.com.tr\/?post_type=product&#038;p=5850"},"modified":"2026-02-18T22:30:36","modified_gmt":"2026-02-18T22:30:36","slug":"andromeda-sm-3030","status":"publish","type":"product","link":"https:\/\/parklight.com.tr\/?product=andromeda-sm-3030","title":{"rendered":"Andromeda \/ SM &#8211; 3030"},"content":{"rendered":"<table>\n<thead>\n<tr>\n<th>Order Code<\/th>\n<th>Input Voltage<\/th>\n<th>Power<\/th>\n<th>CCT<\/th>\n<th>CRI<\/th>\n<th>Light Output<\/th>\n<th>Dimension (mm)<\/th>\n<th>Weight<\/th>\n<\/tr>\n<\/thead>\n<tbody>\n<tr>\n<td>PGP-SU-3030-12-NW<\/td>\n<td>220\u2013240V AC<\/td>\n<td>20W<\/td>\n<td>4000K<\/td>\n<td>Ra&gt;80<\/td>\n<td>2200 lm<\/td>\n<td>300\u00d7300\u00d770<\/td>\n<td>650 gr<\/td>\n<\/tr>\n<\/tbody>\n<\/table>\n","protected":false},"excerpt":{"rendered":"<p data-start=\"141\" data-end=\"166\"><strong data-start=\"141\" data-end=\"166\">\u00d6zellikler<\/strong><\/p>\n<p data-start=\"168\" data-end=\"397\">Elektrostatik toz boyal\u0131 metal g\u00f6vde<br data-start=\"204\" data-end=\"207\" \/>Homojen \u0131\u015f\u0131k da\u011f\u0131l\u0131m\u0131 ile y\u00fcksek \u0131\u015f\u0131k ge\u00e7irgenlikli opal beyaz dif\u00fcz\u00f6r<br data-start=\"277\" data-end=\"280\" \/>130lm\/W Armat\u00fcr \u0131\u015f\u0131k \u015fiddeti<br data-start=\"308\" data-end=\"311\" \/>G\u00f6vde uyumlu \u00e7er\u00e7evesi ile s\u0131va \u00fcst\u00fc kolay montaj<br data-start=\"360\" data-end=\"363\" \/>\u00c7al\u0131\u015fma s\u0131cakl\u0131\u011f\u0131 -20\u00b0C . . 45\u00b0C<\/p>\n<p data-start=\"168\" data-end=\"397\"><strong data-start=\"141\" data-end=\"166\">Features<\/strong><\/p>\n<p data-start=\"399\" data-end=\"658\">Flat housing made of painted sheet steel<br data-start=\"439\" data-end=\"442\" \/>Opal white diffuser with lambertian light distribution and high transmissivity<br data-start=\"520\" data-end=\"523\" \/>Luminaire luminous flux to 131lm\/W<br data-start=\"557\" data-end=\"560\" \/>Easy mounting on the surface with its body-compatible frame<br data-start=\"619\" data-end=\"622\" \/>Ambiant temperature -20\u00b0C . . 45\u00b0C<\/p>\n","protected":false},"featured_media":5851,"template":"","meta":{"advanced_seo_description":"","jetpack_seo_html_title":"","jetpack_seo_noindex":false},"product_brand":[],"product_cat":[38,47],"product_tag":[],"class_list":{"0":"post-5850","1":"product","2":"type-product","3":"status-publish","4":"has-post-thumbnail","6":"product_cat-ic-mekan-aydinlatma","7":"product_cat-siva-ustu-led","9":"first","10":"instock","11":"shipping-taxable","12":"product-type-simple"},"jetpack_sharing_enabled":true,"_links":{"self":[{"href":"https:\/\/parklight.com.tr\/index.php?rest_route=\/wp\/v2\/product\/5850","targetHints":{"allow":["GET"]}}],"collection":[{"href":"https:\/\/parklight.com.tr\/index.php?rest_route=\/wp\/v2\/product"}],"about":[{"href":"https:\/\/parklight.com.tr\/index.php?rest_route=\/wp\/v2\/types\/product"}],"wp:featuredmedia":[{"embeddable":true,"href":"https:\/\/parklight.com.tr\/index.php?rest_route=\/wp\/v2\/media\/5851"}],"wp:attachment":[{"href":"https:\/\/parklight.com.tr\/index.php?rest_route=%2Fwp%2Fv2%2Fmedia&parent=5850"}],"wp:term":[{"taxonomy":"product_brand","embeddable":true,"href":"https:\/\/parklight.com.tr\/index.php?rest_route=%2Fwp%2Fv2%2Fproduct_brand&post=5850"},{"taxonomy":"product_cat","embeddable":true,"href":"https:\/\/parklight.com.tr\/index.php?rest_route=%2Fwp%2Fv2%2Fproduct_cat&post=5850"},{"taxonomy":"product_tag","embeddable":true,"href":"https:\/\/parklight.com.tr\/index.php?rest_route=%2Fwp%2Fv2%2Fproduct_tag&post=5850"}],"curies":[{"name":"wp","href":"https:\/\/api.w.org\/{rel}","templated":true}]}}