{"id":6035,"date":"2026-02-18T22:37:28","date_gmt":"2026-02-18T22:37:28","guid":{"rendered":"https:\/\/parklight.com.tr\/?post_type=product&#038;p=6035"},"modified":"2026-02-18T22:37:28","modified_gmt":"2026-02-18T22:37:28","slug":"andromeda-sm-6060","status":"publish","type":"product","link":"https:\/\/parklight.com.tr\/?product=andromeda-sm-6060","title":{"rendered":"Andromeda \/ SM 6060"},"content":{"rendered":"<table>\n<thead>\n<tr>\n<th>Order Code<\/th>\n<th>Power<\/th>\n<th>Light Color<\/th>\n<th>CCT<\/th>\n<th>Light Output<\/th>\n<th>CRI<\/th>\n<th>Dimension<\/th>\n<th>Mounting<\/th>\n<th>Cut-out<\/th>\n<\/tr>\n<\/thead>\n<tbody>\n<tr>\n<td><strong>PGP-S\u00dc-6060-32-NW<\/strong><\/td>\n<td>32W<\/td>\n<td>Neutral White<\/td>\n<td>4000K<\/td>\n<td>\u22483300 lm<\/td>\n<td>Ra\u226580<\/td>\n<td>600\u00d7600\u00d770 mm<\/td>\n<td>Surface mounting<\/td>\n<td>\u2014<\/td>\n<\/tr>\n<tr>\n<td><strong>PGP-S\u00dc-6060-36-NW<\/strong><\/td>\n<td>36W<\/td>\n<td>Neutral White<\/td>\n<td>4000K<\/td>\n<td>\u22483800\u20134000 lm<\/td>\n<td>Ra\u226580<\/td>\n<td>600\u00d7600\u00d770 mm<\/td>\n<td>Surface mounting<\/td>\n<td>\u2014<\/td>\n<\/tr>\n<tr>\n<td><strong>PGP-S\u00dc-6060-40-NW<\/strong><\/td>\n<td>40W<\/td>\n<td>Neutral White<\/td>\n<td>4000K<\/td>\n<td>\u22484400 lm<\/td>\n<td>Ra\u226580<\/td>\n<td>600\u00d7600\u00d770 mm<\/td>\n<td>Surface mounting<\/td>\n<td>\u2014<\/td>\n<\/tr>\n<\/tbody>\n<\/table>\n","protected":false},"excerpt":{"rendered":"<p data-start=\"41\" data-end=\"65\"><strong data-start=\"41\" data-end=\"65\">\u00d6zellikler :\u00a0<\/strong><\/p>\n<p data-start=\"67\" data-end=\"306\">\u2022 Elektrostatik toz boyal\u0131 metal g\u00f6vde<br data-start=\"105\" data-end=\"108\" \/>\u2022 Homojen \u0131\u015f\u0131k da\u011f\u0131l\u0131m\u0131 ile y\u00fcksek \u0131\u015f\u0131k ge\u00e7irgenlikli opal beyaz dif\u00fcz\u00f6r<br data-start=\"180\" data-end=\"183\" \/>\u2022 130 lm\/W Armat\u00fcr \u0131\u015f\u0131k \u015fiddeti<br data-start=\"214\" data-end=\"217\" \/>\u2022 G\u00f6vde uyumlu \u00e7er\u00e7evesi ile s\u0131va \u00fcst\u00fc kolay montaj<br data-start=\"268\" data-end=\"271\" \/>\u2022 \u00c7al\u0131\u015fma s\u0131cakl\u0131\u011f\u0131 -20\u00b0C .. 45\u00b0C<\/p>\n<p data-start=\"308\" data-end=\"320\"><strong data-start=\"41\" data-end=\"65\">Features :<\/strong><\/p>\n<p data-start=\"322\" data-end=\"578\" data-is-last-node=\"\" data-is-only-node=\"\">Flat housing made of painted sheet steel<br data-start=\"362\" data-end=\"365\" \/>Opal white diffuser with lambertian light distribution and high transmissivity<br data-start=\"443\" data-end=\"446\" \/>Luminaire luminous flux to 130lm\/W<br data-start=\"480\" data-end=\"483\" \/>Easy mounting on the surface with its body-compatible frame<br data-start=\"542\" data-end=\"545\" \/>Ambient temperature -20\u00b0C .. 45\u00b0C<\/p>\n","protected":false},"featured_media":5851,"template":"","meta":{"advanced_seo_description":"","jetpack_seo_html_title":"","jetpack_seo_noindex":false},"product_brand":[],"product_cat":[38,47],"product_tag":[],"class_list":{"0":"post-6035","1":"product","2":"type-product","3":"status-publish","4":"has-post-thumbnail","6":"product_cat-ic-mekan-aydinlatma","7":"product_cat-siva-ustu-led","9":"first","10":"instock","11":"shipping-taxable","12":"product-type-simple"},"jetpack_sharing_enabled":true,"_links":{"self":[{"href":"https:\/\/parklight.com.tr\/index.php?rest_route=\/wp\/v2\/product\/6035","targetHints":{"allow":["GET"]}}],"collection":[{"href":"https:\/\/parklight.com.tr\/index.php?rest_route=\/wp\/v2\/product"}],"about":[{"href":"https:\/\/parklight.com.tr\/index.php?rest_route=\/wp\/v2\/types\/product"}],"wp:featuredmedia":[{"embeddable":true,"href":"https:\/\/parklight.com.tr\/index.php?rest_route=\/wp\/v2\/media\/5851"}],"wp:attachment":[{"href":"https:\/\/parklight.com.tr\/index.php?rest_route=%2Fwp%2Fv2%2Fmedia&parent=6035"}],"wp:term":[{"taxonomy":"product_brand","embeddable":true,"href":"https:\/\/parklight.com.tr\/index.php?rest_route=%2Fwp%2Fv2%2Fproduct_brand&post=6035"},{"taxonomy":"product_cat","embeddable":true,"href":"https:\/\/parklight.com.tr\/index.php?rest_route=%2Fwp%2Fv2%2Fproduct_cat&post=6035"},{"taxonomy":"product_tag","embeddable":true,"href":"https:\/\/parklight.com.tr\/index.php?rest_route=%2Fwp%2Fv2%2Fproduct_tag&post=6035"}],"curies":[{"name":"wp","href":"https:\/\/api.w.org\/{rel}","templated":true}]}}