{"id":6036,"date":"2026-02-18T22:46:46","date_gmt":"2026-02-18T22:46:46","guid":{"rendered":"https:\/\/parklight.com.tr\/?post_type=product&#038;p=6036"},"modified":"2026-02-18T23:38:38","modified_gmt":"2026-02-18T23:38:38","slug":"dorado-360","status":"publish","type":"product","link":"https:\/\/parklight.com.tr\/?product=dorado-360","title":{"rendered":"Dorado 360"},"content":{"rendered":"<table>\n<thead>\n<tr>\n<th>Order Code<\/th>\n<th>Input Voltage<\/th>\n<th>Power<\/th>\n<th>CCT<\/th>\n<th>CRI<\/th>\n<th>Light Output<\/th>\n<th>Dimension<\/th>\n<th>Cut Out<\/th>\n<th>Weight<\/th>\n<\/tr>\n<\/thead>\n<tbody>\n<tr>\n<td>PGD-160-12-NW<\/td>\n<td>220-240V AC<\/td>\n<td>12W<\/td>\n<td>4000K<\/td>\n<td>Ra&gt;80<\/td>\n<td>950 lm<\/td>\n<td>160\u00d765<\/td>\n<td>\u00d8160<\/td>\n<td>\u2014<\/td>\n<\/tr>\n<tr>\n<td>PGD-160-18-NW<\/td>\n<td>220-240V AC<\/td>\n<td>18W<\/td>\n<td>4000K<\/td>\n<td>Ra&gt;80<\/td>\n<td>1450 lm<\/td>\n<td>160\u00d765<\/td>\n<td>\u00d8160<\/td>\n<td>\u2014<\/td>\n<\/tr>\n<tr>\n<td>PGD-160-22-NW<\/td>\n<td>220-240V AC<\/td>\n<td>22W<\/td>\n<td>4000K<\/td>\n<td>Ra&gt;80<\/td>\n<td>1800 lm<\/td>\n<td>160\u00d765<\/td>\n<td>\u00d8160<\/td>\n<td>\u2014<\/td>\n<\/tr>\n<tr>\n<td>PGD-160-24-NW<\/td>\n<td>220-240V AC<\/td>\n<td>24W<\/td>\n<td>4000K<\/td>\n<td>Ra&gt;80<\/td>\n<td>2200 lm<\/td>\n<td>160\u00d765<\/td>\n<td>\u00d8160<\/td>\n<td>\u2014<\/td>\n<\/tr>\n<tr>\n<td>PGD-195-12-NW<\/td>\n<td>220-240V AC<\/td>\n<td>12W<\/td>\n<td>4000K<\/td>\n<td>Ra&gt;80<\/td>\n<td>950 lm<\/td>\n<td>195\u00d770<\/td>\n<td>\u00d8195<\/td>\n<td>\u2014<\/td>\n<\/tr>\n<tr>\n<td>PGD-195-18-NW<\/td>\n<td>220-240V AC<\/td>\n<td>18W<\/td>\n<td>4000K<\/td>\n<td>Ra&gt;80<\/td>\n<td>1450 lm<\/td>\n<td>195\u00d770<\/td>\n<td>\u00d8195<\/td>\n<td>\u2014<\/td>\n<\/tr>\n<tr>\n<td>PGD-195-22-NW<\/td>\n<td>220-240V AC<\/td>\n<td>22W<\/td>\n<td>4000K<\/td>\n<td>Ra&gt;80<\/td>\n<td>1800 lm<\/td>\n<td>195\u00d770<\/td>\n<td>\u00d8195<\/td>\n<td>\u2014<\/td>\n<\/tr>\n<tr>\n<td>PGD-195-32-NW<\/td>\n<td>220-240V AC<\/td>\n<td>32W<\/td>\n<td>4000K<\/td>\n<td>Ra&gt;80<\/td>\n<td>3000+ lm<\/td>\n<td>195\u00d770<\/td>\n<td>\u00d8195<\/td>\n<td>\u2014<\/td>\n<\/tr>\n<\/tbody>\n<\/table>\n","protected":false},"excerpt":{"rendered":"<p data-start=\"43\" data-end=\"67\"><strong data-start=\"43\" data-end=\"67\">\u00d6zellikler<\/strong><\/p>\n<p data-start=\"69\" data-end=\"249\">Y\u00fcksek kaliteli al\u00fcminyumdan enjeksiyon y\u00f6ntemiyle imal edilmi\u015f g\u00f6vde ve so\u011futuculu<br data-start=\"152\" data-end=\"155\" \/>Opal dif\u00fcz\u00f6rl\u00fc backlight ayd\u0131nlatmal\u0131 dekoratif g\u00f6mme spot<br data-start=\"213\" data-end=\"216\" \/>\u00c7al\u0131\u015fma s\u0131cakl\u0131\u011f\u0131 -20\u00b0C .. 45\u00b0C<\/p>\n<p data-start=\"69\" data-end=\"249\"><strong data-start=\"43\" data-end=\"67\">Features<\/strong><\/p>\n<p data-start=\"251\" data-end=\"436\" data-is-last-node=\"\" data-is-only-node=\"\">Body and coolant made of high quality aluminum by injection method<br data-start=\"317\" data-end=\"320\" \/>Decorative recessed spotlight with backlight illumination with opal diffuser<br data-start=\"396\" data-end=\"399\" \/>Working temperature -20 \u00b0 C .. 45 \u00b0 C<\/p>\n","protected":false},"featured_media":6037,"template":"","meta":{"advanced_seo_description":"","jetpack_seo_html_title":"","jetpack_seo_noindex":false},"product_brand":[],"product_cat":[48,55,38,39],"product_tag":[],"class_list":{"0":"post-6036","1":"product","2":"type-product","3":"status-publish","4":"has-post-thumbnail","6":"product_cat-downlight","7":"product_cat-downlight-siva-alti-spot","8":"product_cat-ic-mekan-aydinlatma","9":"product_cat-mimari-armaturleri","11":"first","12":"instock","13":"shipping-taxable","14":"product-type-simple"},"jetpack_sharing_enabled":true,"_links":{"self":[{"href":"https:\/\/parklight.com.tr\/index.php?rest_route=\/wp\/v2\/product\/6036","targetHints":{"allow":["GET"]}}],"collection":[{"href":"https:\/\/parklight.com.tr\/index.php?rest_route=\/wp\/v2\/product"}],"about":[{"href":"https:\/\/parklight.com.tr\/index.php?rest_route=\/wp\/v2\/types\/product"}],"wp:featuredmedia":[{"embeddable":true,"href":"https:\/\/parklight.com.tr\/index.php?rest_route=\/wp\/v2\/media\/6037"}],"wp:attachment":[{"href":"https:\/\/parklight.com.tr\/index.php?rest_route=%2Fwp%2Fv2%2Fmedia&parent=6036"}],"wp:term":[{"taxonomy":"product_brand","embeddable":true,"href":"https:\/\/parklight.com.tr\/index.php?rest_route=%2Fwp%2Fv2%2Fproduct_brand&post=6036"},{"taxonomy":"product_cat","embeddable":true,"href":"https:\/\/parklight.com.tr\/index.php?rest_route=%2Fwp%2Fv2%2Fproduct_cat&post=6036"},{"taxonomy":"product_tag","embeddable":true,"href":"https:\/\/parklight.com.tr\/index.php?rest_route=%2Fwp%2Fv2%2Fproduct_tag&post=6036"}],"curies":[{"name":"wp","href":"https:\/\/api.w.org\/{rel}","templated":true}]}}