{"id":6056,"date":"2026-02-19T00:01:14","date_gmt":"2026-02-19T00:01:14","guid":{"rendered":"https:\/\/parklight.com.tr\/?post_type=product&#038;p=6056"},"modified":"2026-02-19T00:04:16","modified_gmt":"2026-02-19T00:04:16","slug":"serpens-s-60","status":"publish","type":"product","link":"https:\/\/parklight.com.tr\/?product=serpens-s-60","title":{"rendered":"Serpens \/ S 60"},"content":{"rendered":"<table>\n<thead>\n<tr>\n<th>ORDER CODE<\/th>\n<th>INPUT VOLTAGE<\/th>\n<th>POWER<\/th>\n<th>CCT<\/th>\n<th>CRI<\/th>\n<th>LIGHT OUTPUT<\/th>\n<th>DIMENSION<\/th>\n<th>WEIGHT<\/th>\n<\/tr>\n<\/thead>\n<tbody>\n<tr>\n<td>POL-60B-20-NW<\/td>\n<td>220-240V AC<\/td>\n<td>20W<\/td>\n<td>4000K<\/td>\n<td>Ra&gt;80<\/td>\n<td>2250 lm<\/td>\n<td>604\u00d750\u00d762 mm<\/td>\n<td>650 gr<\/td>\n<\/tr>\n<tr>\n<td>POL-60B-40-NW<\/td>\n<td>220-240V AC<\/td>\n<td>40W<\/td>\n<td>4000K<\/td>\n<td>Ra&gt;80<\/td>\n<td>4300 lm<\/td>\n<td>1204\u00d750\u00d762 mm<\/td>\n<td>1150 gr<\/td>\n<\/tr>\n<tr>\n<td>POL-60B-80-NW<\/td>\n<td>220-240V AC<\/td>\n<td>80W<\/td>\n<td>4000K<\/td>\n<td>Ra&gt;80<\/td>\n<td>8600 lm<\/td>\n<td>2404\u00d750\u00d762 mm<\/td>\n<td>2050 gr<\/td>\n<\/tr>\n<\/tbody>\n<\/table>\n","protected":false},"excerpt":{"rendered":"<p>\u00d6zellikler:<br \/>\nAluminyum g\u00f6vde ve UV korumal\u0131 opal PC dif\u00fcz\u00f6r<br \/>\nUV korumal\u0131 policarbon yan kapak<br \/>\nT\u00fcm aksesuarlar\u0131 ile s\u0131va \u00fcst\u00fcnde tavan kolay montaj<br \/>\n\u00c7al\u0131\u015fma s\u0131cakl\u0131\u011f\u0131 -20\u00b0C . . 45\u00b0C<\/p>\n<p>Features:<br \/>\nAlluminium body and opal PC diffuser with UV protection<br \/>\nPC side cover with UV protection<br \/>\nEasy installation with all accessory ceilling for surface mounting<br \/>\nAmbiant temperature -20\u00b0C . . 45\u00b0C<\/p>\n","protected":false},"featured_media":6054,"template":"","meta":{"advanced_seo_description":"","jetpack_seo_html_title":"","jetpack_seo_noindex":false},"product_brand":[],"product_cat":[50,39],"product_tag":[],"class_list":{"0":"post-6056","1":"product","2":"type-product","3":"status-publish","4":"has-post-thumbnail","6":"product_cat-lineer-aydinlatma","7":"product_cat-mimari-armaturleri","9":"first","10":"instock","11":"shipping-taxable","12":"product-type-simple"},"jetpack_sharing_enabled":true,"_links":{"self":[{"href":"https:\/\/parklight.com.tr\/index.php?rest_route=\/wp\/v2\/product\/6056","targetHints":{"allow":["GET"]}}],"collection":[{"href":"https:\/\/parklight.com.tr\/index.php?rest_route=\/wp\/v2\/product"}],"about":[{"href":"https:\/\/parklight.com.tr\/index.php?rest_route=\/wp\/v2\/types\/product"}],"wp:featuredmedia":[{"embeddable":true,"href":"https:\/\/parklight.com.tr\/index.php?rest_route=\/wp\/v2\/media\/6054"}],"wp:attachment":[{"href":"https:\/\/parklight.com.tr\/index.php?rest_route=%2Fwp%2Fv2%2Fmedia&parent=6056"}],"wp:term":[{"taxonomy":"product_brand","embeddable":true,"href":"https:\/\/parklight.com.tr\/index.php?rest_route=%2Fwp%2Fv2%2Fproduct_brand&post=6056"},{"taxonomy":"product_cat","embeddable":true,"href":"https:\/\/parklight.com.tr\/index.php?rest_route=%2Fwp%2Fv2%2Fproduct_cat&post=6056"},{"taxonomy":"product_tag","embeddable":true,"href":"https:\/\/parklight.com.tr\/index.php?rest_route=%2Fwp%2Fv2%2Fproduct_tag&post=6056"}],"curies":[{"name":"wp","href":"https:\/\/api.w.org\/{rel}","templated":true}]}}