{"id":6087,"date":"2026-02-19T01:39:20","date_gmt":"2026-02-19T01:39:20","guid":{"rendered":"https:\/\/parklight.com.tr\/?post_type=product&#038;p=6087"},"modified":"2026-02-19T01:39:21","modified_gmt":"2026-02-19T01:39:21","slug":"norma-pc","status":"publish","type":"product","link":"https:\/\/parklight.com.tr\/?product=norma-pc","title":{"rendered":"Norma &#8211; PC"},"content":{"rendered":"","protected":false},"excerpt":{"rendered":"<p>\u00d6zellikler, Features<br \/>\nAluminyum g\u00f6vde ve UV korumal\u0131 opal PC dif\u00fcz\u00f6r<br \/>\nUV korumal\u0131 policarbon yan kapak<br \/>\nT\u00fcm aksesuarlar\u0131 ile s\u0131va \u00fcst\u00fcnde tavan kolay montaj<br \/>\n\u00c7al\u0131\u015fma s\u0131cakl\u0131\u011f\u0131 -20\u00b0C . . 45\u00b0C<br \/>\nAlluminium body and opal PC diffuser with UV protection<br \/>\nPC side cover with UV protection<br \/>\nEasy installation with all accessory ceilling for surface mounting<br \/>\nAmbiant temperature -20\u00b0C . . 45\u00b0C<\/p>\n","protected":false},"featured_media":6088,"template":"","meta":{"advanced_seo_description":"","jetpack_seo_html_title":"","jetpack_seo_noindex":false},"product_brand":[],"product_cat":[40,58],"product_tag":[],"class_list":{"0":"post-6087","1":"product","2":"type-product","3":"status-publish","4":"has-post-thumbnail","6":"product_cat-endustriyel-aydinlatma","7":"product_cat-etanj-led-armaturler","9":"first","10":"instock","11":"shipping-taxable","12":"product-type-simple"},"jetpack_sharing_enabled":true,"_links":{"self":[{"href":"https:\/\/parklight.com.tr\/index.php?rest_route=\/wp\/v2\/product\/6087","targetHints":{"allow":["GET"]}}],"collection":[{"href":"https:\/\/parklight.com.tr\/index.php?rest_route=\/wp\/v2\/product"}],"about":[{"href":"https:\/\/parklight.com.tr\/index.php?rest_route=\/wp\/v2\/types\/product"}],"wp:featuredmedia":[{"embeddable":true,"href":"https:\/\/parklight.com.tr\/index.php?rest_route=\/wp\/v2\/media\/6088"}],"wp:attachment":[{"href":"https:\/\/parklight.com.tr\/index.php?rest_route=%2Fwp%2Fv2%2Fmedia&parent=6087"}],"wp:term":[{"taxonomy":"product_brand","embeddable":true,"href":"https:\/\/parklight.com.tr\/index.php?rest_route=%2Fwp%2Fv2%2Fproduct_brand&post=6087"},{"taxonomy":"product_cat","embeddable":true,"href":"https:\/\/parklight.com.tr\/index.php?rest_route=%2Fwp%2Fv2%2Fproduct_cat&post=6087"},{"taxonomy":"product_tag","embeddable":true,"href":"https:\/\/parklight.com.tr\/index.php?rest_route=%2Fwp%2Fv2%2Fproduct_tag&post=6087"}],"curies":[{"name":"wp","href":"https:\/\/api.w.org\/{rel}","templated":true}]}}