{"id":6140,"date":"2026-03-26T07:41:05","date_gmt":"2026-03-26T07:41:05","guid":{"rendered":"https:\/\/parklight.com.tr\/?post_type=product&#038;p=6140"},"modified":"2026-03-26T07:41:06","modified_gmt":"2026-03-26T07:41:06","slug":"torino-highbay","status":"publish","type":"product","link":"https:\/\/parklight.com.tr\/?product=torino-highbay","title":{"rendered":"TORINO HIGHBAY"},"content":{"rendered":"","protected":false},"excerpt":{"rendered":"<ul>\n<li data-start=\"131\" data-end=\"184\"><strong data-start=\"133\" data-end=\"150\">G\u00f6vde Yap\u0131s\u0131:<\/strong> ABS g\u00f6vde \u00fczeri PC \u015feffaf kapak<\/li>\n<li data-start=\"185\" data-end=\"227\"><strong data-start=\"187\" data-end=\"204\">\u00c7al\u0131\u015fma Tipi:<\/strong> S\u00fcrekli \u00e7al\u0131\u015fma modu<\/li>\n<li data-start=\"228\" data-end=\"303\"><strong data-start=\"230\" data-end=\"253\">Montaj Se\u00e7enekleri:<\/strong>\n<ul data-start=\"258\" data-end=\"303\">\n<li data-start=\"258\" data-end=\"281\">S\u0131vaalt\u0131 (Ankastre)<\/li>\n<li data-start=\"284\" data-end=\"303\">S\u0131va\u00fcst\u00fc montaj<\/li>\n<\/ul>\n<\/li>\n<li data-start=\"304\" data-end=\"448\"><strong data-start=\"306\" data-end=\"326\">Pil Teknolojisi:<\/strong>\n<ul data-start=\"331\" data-end=\"448\">\n<li data-start=\"331\" data-end=\"399\">Y\u00fcksek s\u0131cakl\u0131\u011fa dayan\u0131kl\u0131 <span class=\"hover:entity-accent entity-underline inline cursor-pointer align-baseline\"><span class=\"whitespace-normal\">LiFePO4 Pil<\/span><\/span><\/li>\n<li data-start=\"402\" data-end=\"448\">veya <span class=\"hover:entity-accent entity-underline inline cursor-pointer align-baseline\"><span class=\"whitespace-normal\">Li-Ion Pil<\/span><\/span><\/li>\n<\/ul>\n<\/li>\n<li data-start=\"449\" data-end=\"526\"><strong data-start=\"451\" data-end=\"478\">Ayd\u0131nlatma Se\u00e7enekleri:<\/strong>\n<ul data-start=\"483\" data-end=\"526\">\n<li data-start=\"483\" data-end=\"502\">2W LED (240 lm)<\/li>\n<li data-start=\"505\" data-end=\"526\">2x2W LED (400 lm)<\/li>\n<\/ul>\n<\/li>\n<li data-start=\"527\" data-end=\"619\"><strong data-start=\"529\" data-end=\"556\">Acil Durum Performans\u0131:<\/strong>\n<ul data-start=\"561\" data-end=\"619\">\n<li data-start=\"561\" data-end=\"619\">Elektrik kesintisinde <strong data-start=\"585\" data-end=\"617\">3 saat kesintisiz ayd\u0131nlatma<\/strong><\/li>\n<\/ul>\n<\/li>\n<li data-start=\"620\" data-end=\"698\"><strong data-start=\"622\" data-end=\"643\">Montaj Kolayl\u0131\u011f\u0131:<\/strong>\n<ul data-start=\"648\" data-end=\"698\">\n<li data-start=\"648\" data-end=\"698\">T\u00fcm aksesuarlar dahil, h\u0131zl\u0131 ve pratik kurulum<\/li>\n<\/ul>\n<\/li>\n<li data-start=\"699\" data-end=\"785\"><strong data-start=\"701\" data-end=\"716\">Etiketleme:<\/strong>\n<ul data-start=\"721\" data-end=\"785\">\n<li data-start=\"721\" data-end=\"785\">Standart \u015fekillerde serigrafi bask\u0131l\u0131 y\u00f6nlendirme etiketleri<\/li>\n<\/ul>\n<\/li>\n<\/ul>\n<h3 data-start=\"792\" data-end=\"828\"><span role=\"text\"><strong data-start=\"796\" data-end=\"828\">Sertifikasyon ve Standartlar<\/strong><\/span><\/h3>\n<ul data-start=\"830\" data-end=\"1213\">\n<li data-start=\"830\" data-end=\"1008\"><strong data-start=\"832\" data-end=\"849\">Sertifikalar:<\/strong>\n<ul data-start=\"854\" data-end=\"1008\">\n<li data-start=\"854\" data-end=\"895\"><span class=\"hover:entity-accent entity-underline inline cursor-pointer align-baseline\"><span class=\"whitespace-normal\">T\u00dcV Sertifikas\u0131<\/span><\/span><\/li>\n<li data-start=\"898\" data-end=\"939\"><span class=\"hover:entity-accent entity-underline inline cursor-pointer align-baseline\"><span class=\"whitespace-normal\">CE Belgesi<\/span><\/span><\/li>\n<li data-start=\"942\" data-end=\"983\"><span class=\"hover:entity-accent entity-underline inline cursor-pointer align-baseline\"><span class=\"whitespace-normal\">EAC Sertifikas\u0131<\/span><\/span><\/li>\n<li data-start=\"986\" data-end=\"1008\">Yang\u0131n sertifikal\u0131<\/li>\n<\/ul>\n<\/li>\n<li data-start=\"1010\" data-end=\"1213\"><strong data-start=\"1012\" data-end=\"1035\">Uyumlu Standartlar:<\/strong>\n<ul data-start=\"1040\" data-end=\"1213\">\n<li data-start=\"1040\" data-end=\"1081\"><span class=\"hover:entity-accent entity-underline inline cursor-pointer align-baseline\"><span class=\"whitespace-normal\">EN 60598-1<\/span><\/span><\/li>\n<li data-start=\"1084\" data-end=\"1125\"><span class=\"hover:entity-accent entity-underline inline cursor-pointer align-baseline\"><span class=\"whitespace-normal\">EN 60598-2-22<\/span><\/span><\/li>\n<li data-start=\"1128\" data-end=\"1169\"><span class=\"hover:entity-accent entity-underline inline cursor-pointer align-baseline\"><span class=\"whitespace-normal\">EN 61347-2-7<\/span><\/span><\/li>\n<li data-start=\"1172\" data-end=\"1213\"><span class=\"hover:entity-accent entity-underline inline cursor-pointer align-baseline\"><span class=\"whitespace-normal\">EN 61347-1<\/span><\/span><\/li>\n<\/ul>\n<\/li>\n<\/ul>\n","protected":false},"featured_media":6228,"template":"","meta":{"advanced_seo_description":"","jetpack_seo_html_title":"","jetpack_seo_noindex":false},"product_brand":[],"product_cat":[41,61],"product_tag":[],"class_list":{"0":"post-6140","1":"product","2":"type-product","3":"status-publish","4":"has-post-thumbnail","6":"product_cat-acil-aydinlatma","7":"product_cat-acil-aydinlatma-acil-aydinlatma","9":"first","10":"instock","11":"shipping-taxable","12":"product-type-simple"},"jetpack_sharing_enabled":true,"_links":{"self":[{"href":"https:\/\/parklight.com.tr\/index.php?rest_route=\/wp\/v2\/product\/6140","targetHints":{"allow":["GET"]}}],"collection":[{"href":"https:\/\/parklight.com.tr\/index.php?rest_route=\/wp\/v2\/product"}],"about":[{"href":"https:\/\/parklight.com.tr\/index.php?rest_route=\/wp\/v2\/types\/product"}],"wp:featuredmedia":[{"embeddable":true,"href":"https:\/\/parklight.com.tr\/index.php?rest_route=\/wp\/v2\/media\/6228"}],"wp:attachment":[{"href":"https:\/\/parklight.com.tr\/index.php?rest_route=%2Fwp%2Fv2%2Fmedia&parent=6140"}],"wp:term":[{"taxonomy":"product_brand","embeddable":true,"href":"https:\/\/parklight.com.tr\/index.php?rest_route=%2Fwp%2Fv2%2Fproduct_brand&post=6140"},{"taxonomy":"product_cat","embeddable":true,"href":"https:\/\/parklight.com.tr\/index.php?rest_route=%2Fwp%2Fv2%2Fproduct_cat&post=6140"},{"taxonomy":"product_tag","embeddable":true,"href":"https:\/\/parklight.com.tr\/index.php?rest_route=%2Fwp%2Fv2%2Fproduct_tag&post=6140"}],"curies":[{"name":"wp","href":"https:\/\/api.w.org\/{rel}","templated":true}]}}