{"id":6230,"date":"2026-03-26T07:47:35","date_gmt":"2026-03-26T07:47:35","guid":{"rendered":"https:\/\/parklight.com.tr\/?post_type=product&#038;p=6230"},"modified":"2026-03-26T07:48:58","modified_gmt":"2026-03-26T07:48:58","slug":"bulkhead","status":"publish","type":"product","link":"https:\/\/parklight.com.tr\/?product=bulkhead","title":{"rendered":"BULKHEAD"},"content":{"rendered":"","protected":false},"excerpt":{"rendered":"<p data-start=\"263\" data-end=\"290\"><strong data-start=\"263\" data-end=\"290\">\u00dcR\u00dcN TEKN\u0130K \u00d6ZELL\u0130KLER\u0130<\/strong><\/p>\n<ul data-start=\"292\" data-end=\"671\">\n<li data-start=\"292\" data-end=\"345\">G\u00f6vde Yap\u0131s\u0131: ABS g\u00f6vde, enjeksiyon bask\u0131l\u0131 kapak<\/li>\n<li data-start=\"346\" data-end=\"399\">\u00c7al\u0131\u015fma Modlar\u0131: S\u00fcrekli, acil ve kombine \u00e7al\u0131\u015fma<\/li>\n<li data-start=\"400\" data-end=\"432\">Montaj Tipi: S\u0131va\u00fcst\u00fc montaj<\/li>\n<li data-start=\"433\" data-end=\"480\">Pil Teknolojisi: Nickel Cadmium (Ni-Cd) pil<\/li>\n<li data-start=\"481\" data-end=\"557\">Ayd\u0131nlatma Se\u00e7enekleri:\n<ul data-start=\"511\" data-end=\"557\">\n<li data-start=\"511\" data-end=\"535\">T5 8W floresan ampul<\/li>\n<li data-start=\"538\" data-end=\"557\">9 LED\u2019li sistem<\/li>\n<\/ul>\n<\/li>\n<li data-start=\"558\" data-end=\"625\">Acil Durum Performans\u0131: Elektrik kesintisinde 3 saat ayd\u0131nlatma<\/li>\n<li data-start=\"626\" data-end=\"671\">Montaj: T\u00fcm aksesuarlar ile kolay kurulum<\/li>\n<\/ul>\n<p data-start=\"673\" data-end=\"704\"><strong data-start=\"673\" data-end=\"704\">STANDARTLAR VE SERT\u0130F\u0130KALAR<\/strong><\/p>\n<ul data-start=\"706\" data-end=\"827\">\n<li data-start=\"706\" data-end=\"720\">EN 60598-1<\/li>\n<li data-start=\"721\" data-end=\"738\">EN 60598-2-22<\/li>\n<li data-start=\"739\" data-end=\"755\">EN 61347-2-7<\/li>\n<li data-start=\"756\" data-end=\"770\">EN 61347-1<\/li>\n<li data-start=\"772\" data-end=\"789\">ISO 9001:2015<\/li>\n<li data-start=\"790\" data-end=\"796\">CE<\/li>\n<li data-start=\"797\" data-end=\"804\">EAC<\/li>\n<li data-start=\"805\" data-end=\"827\">Yang\u0131n sertifikal\u0131<\/li>\n<\/ul>\n","protected":false},"featured_media":6232,"template":"","meta":{"advanced_seo_description":"","jetpack_seo_html_title":"","jetpack_seo_noindex":false},"product_brand":[],"product_cat":[41,61],"product_tag":[],"class_list":{"0":"post-6230","1":"product","2":"type-product","3":"status-publish","4":"has-post-thumbnail","6":"product_cat-acil-aydinlatma","7":"product_cat-acil-aydinlatma-acil-aydinlatma","9":"first","10":"instock","11":"shipping-taxable","12":"product-type-simple"},"jetpack_sharing_enabled":true,"_links":{"self":[{"href":"https:\/\/parklight.com.tr\/index.php?rest_route=\/wp\/v2\/product\/6230","targetHints":{"allow":["GET"]}}],"collection":[{"href":"https:\/\/parklight.com.tr\/index.php?rest_route=\/wp\/v2\/product"}],"about":[{"href":"https:\/\/parklight.com.tr\/index.php?rest_route=\/wp\/v2\/types\/product"}],"wp:featuredmedia":[{"embeddable":true,"href":"https:\/\/parklight.com.tr\/index.php?rest_route=\/wp\/v2\/media\/6232"}],"wp:attachment":[{"href":"https:\/\/parklight.com.tr\/index.php?rest_route=%2Fwp%2Fv2%2Fmedia&parent=6230"}],"wp:term":[{"taxonomy":"product_brand","embeddable":true,"href":"https:\/\/parklight.com.tr\/index.php?rest_route=%2Fwp%2Fv2%2Fproduct_brand&post=6230"},{"taxonomy":"product_cat","embeddable":true,"href":"https:\/\/parklight.com.tr\/index.php?rest_route=%2Fwp%2Fv2%2Fproduct_cat&post=6230"},{"taxonomy":"product_tag","embeddable":true,"href":"https:\/\/parklight.com.tr\/index.php?rest_route=%2Fwp%2Fv2%2Fproduct_tag&post=6230"}],"curies":[{"name":"wp","href":"https:\/\/api.w.org\/{rel}","templated":true}]}}