{"id":6242,"date":"2026-03-26T08:09:43","date_gmt":"2026-03-26T08:09:43","guid":{"rendered":"https:\/\/parklight.com.tr\/?post_type=product&#038;p=6242"},"modified":"2026-03-26T08:09:43","modified_gmt":"2026-03-26T08:09:43","slug":"gine-cse","status":"publish","type":"product","link":"https:\/\/parklight.com.tr\/?product=gine-cse","title":{"rendered":"GINE CSE"},"content":{"rendered":"","protected":false},"excerpt":{"rendered":"<p data-start=\"152\" data-end=\"179\"><strong data-start=\"152\" data-end=\"179\">\u00dcR\u00dcN TEKN\u0130K \u00d6ZELL\u0130KLER\u0130<\/strong><\/p>\n<ul data-start=\"181\" data-end=\"730\">\n<li data-start=\"181\" data-end=\"234\">Standart: EN 1838\u2019e uygun acil durum ayd\u0131nlatmas\u0131<\/li>\n<li data-start=\"235\" data-end=\"287\">G\u00f6vde Yap\u0131s\u0131: UV dayan\u0131ml\u0131 termoplastik PC g\u00f6vde<\/li>\n<li data-start=\"288\" data-end=\"333\">Montaj Tipi: S\u0131va\u00fcst\u00fc tavana kolay montaj<\/li>\n<li data-start=\"334\" data-end=\"407\">Kullan\u0131m Alan\u0131: 2.5 \u2013 8 m tavan y\u00fcksekli\u011fine sahip alanlar i\u00e7in uygun<\/li>\n<li data-start=\"408\" data-end=\"473\">Pil Teknolojisi: Y\u00fcksek performansl\u0131 Lithium-Ion (Li-Ion) pil<\/li>\n<li data-start=\"474\" data-end=\"562\">Ayd\u0131nlatma \u00d6zellikleri:\n<ul data-start=\"504\" data-end=\"562\">\n<li data-start=\"504\" data-end=\"537\">Y\u00fcksek CRI de\u011ferine sahip LED<\/li>\n<li data-start=\"540\" data-end=\"562\">240 lm \u0131\u015f\u0131k \u00e7\u0131k\u0131\u015f\u0131<\/li>\n<\/ul>\n<\/li>\n<li data-start=\"563\" data-end=\"630\">Acil Durum Performans\u0131: Elektrik kesintisinde 3 saat ayd\u0131nlatma<\/li>\n<li data-start=\"631\" data-end=\"699\">Otomasyon: Opsiyonel DALI uyumlu otomasyon sistemine entegrasyon<\/li>\n<li data-start=\"700\" data-end=\"730\">G\u00f6vde Rengi: RAL9016 beyaz<\/li>\n<\/ul>\n<p data-start=\"732\" data-end=\"763\"><strong data-start=\"732\" data-end=\"763\">STANDARTLAR VE SERT\u0130F\u0130KALAR<\/strong><\/p>\n<ul data-start=\"765\" data-end=\"876\">\n<li data-start=\"765\" data-end=\"779\">EN 60598-1<\/li>\n<li data-start=\"780\" data-end=\"797\">EN 60598-2-22<\/li>\n<li data-start=\"798\" data-end=\"814\">EN 61347-2-7<\/li>\n<li data-start=\"815\" data-end=\"829\">EN 61347-1<\/li>\n<li data-start=\"831\" data-end=\"838\">T\u00dcV<\/li>\n<li data-start=\"839\" data-end=\"845\">CE<\/li>\n<li data-start=\"846\" data-end=\"853\">EAC<\/li>\n<li data-start=\"854\" data-end=\"876\">Yang\u0131n sertifikal\u0131<\/li>\n<\/ul>\n","protected":false},"featured_media":6246,"template":"","meta":{"advanced_seo_description":"","jetpack_seo_html_title":"","jetpack_seo_noindex":false},"product_brand":[],"product_cat":[41,61],"product_tag":[],"class_list":{"0":"post-6242","1":"product","2":"type-product","3":"status-publish","4":"has-post-thumbnail","6":"product_cat-acil-aydinlatma","7":"product_cat-acil-aydinlatma-acil-aydinlatma","9":"first","10":"instock","11":"shipping-taxable","12":"product-type-simple"},"jetpack_sharing_enabled":true,"_links":{"self":[{"href":"https:\/\/parklight.com.tr\/index.php?rest_route=\/wp\/v2\/product\/6242","targetHints":{"allow":["GET"]}}],"collection":[{"href":"https:\/\/parklight.com.tr\/index.php?rest_route=\/wp\/v2\/product"}],"about":[{"href":"https:\/\/parklight.com.tr\/index.php?rest_route=\/wp\/v2\/types\/product"}],"wp:featuredmedia":[{"embeddable":true,"href":"https:\/\/parklight.com.tr\/index.php?rest_route=\/wp\/v2\/media\/6246"}],"wp:attachment":[{"href":"https:\/\/parklight.com.tr\/index.php?rest_route=%2Fwp%2Fv2%2Fmedia&parent=6242"}],"wp:term":[{"taxonomy":"product_brand","embeddable":true,"href":"https:\/\/parklight.com.tr\/index.php?rest_route=%2Fwp%2Fv2%2Fproduct_brand&post=6242"},{"taxonomy":"product_cat","embeddable":true,"href":"https:\/\/parklight.com.tr\/index.php?rest_route=%2Fwp%2Fv2%2Fproduct_cat&post=6242"},{"taxonomy":"product_tag","embeddable":true,"href":"https:\/\/parklight.com.tr\/index.php?rest_route=%2Fwp%2Fv2%2Fproduct_tag&post=6242"}],"curies":[{"name":"wp","href":"https:\/\/api.w.org\/{rel}","templated":true}]}}