{"id":6247,"date":"2026-03-26T08:20:01","date_gmt":"2026-03-26T08:20:01","guid":{"rendered":"https:\/\/parklight.com.tr\/?post_type=product&#038;p=6247"},"modified":"2026-03-26T08:32:31","modified_gmt":"2026-03-26T08:32:31","slug":"gine-cro","status":"publish","type":"product","link":"https:\/\/parklight.com.tr\/?product=gine-cro","title":{"rendered":"GINE CRO"},"content":{"rendered":"","protected":false},"excerpt":{"rendered":"<p data-start=\"142\" data-end=\"169\"><strong data-start=\"142\" data-end=\"169\">\u00dcR\u00dcN TEKN\u0130K \u00d6ZELL\u0130KLER\u0130<\/strong><\/p>\n<ul data-start=\"171\" data-end=\"580\">\n<li data-start=\"171\" data-end=\"224\">EN 1838 standard\u0131na uygun acil durum ayd\u0131nlatmas\u0131<\/li>\n<li data-start=\"225\" data-end=\"263\">UV dayan\u0131ml\u0131 termoplastik PC g\u00f6vde<\/li>\n<li data-start=\"264\" data-end=\"296\">S\u0131va\u00fcst\u00fc tavana kolay montaj<\/li>\n<li data-start=\"297\" data-end=\"348\">2.5 \u2013 8 metre tavan y\u00fcksekli\u011fine uygun kullan\u0131m<\/li>\n<li data-start=\"349\" data-end=\"397\">Y\u00fcksek performansl\u0131 Lithium-Ion (Li-Ion) pil<\/li>\n<li data-start=\"398\" data-end=\"450\">Y\u00fcksek CRI de\u011ferine sahip, 240 lm LED ayd\u0131nlatma<\/li>\n<li data-start=\"451\" data-end=\"493\">Acil durumda 3 saat kesintisiz \u00e7al\u0131\u015fma<\/li>\n<li data-start=\"494\" data-end=\"551\">Opsiyonel DALI uyumlu otomasyon sistemine entegrasyon<\/li>\n<li data-start=\"552\" data-end=\"580\">RAL9016 beyaz renk g\u00f6vde<\/li>\n<\/ul>\n<p data-start=\"582\" data-end=\"613\"><strong data-start=\"582\" data-end=\"613\">STANDARTLAR VE SERT\u0130F\u0130KALAR<\/strong><\/p>\n<ul data-start=\"615\" data-end=\"725\">\n<li data-start=\"615\" data-end=\"629\">EN 60598-1<\/li>\n<li data-start=\"630\" data-end=\"647\">EN 60598-2-22<\/li>\n<li data-start=\"648\" data-end=\"664\">EN 61347-2-7<\/li>\n<li data-start=\"665\" data-end=\"679\">EN 61347-1<\/li>\n<li data-start=\"680\" data-end=\"687\">T\u00dcV<\/li>\n<li data-start=\"688\" data-end=\"694\">CE<\/li>\n<li data-start=\"695\" data-end=\"702\">EAC<\/li>\n<li data-start=\"703\" data-end=\"725\">Yang\u0131n sertifikal\u0131<\/li>\n<\/ul>\n","protected":false},"featured_media":6250,"template":"","meta":{"advanced_seo_description":"","jetpack_seo_html_title":"","jetpack_seo_noindex":false},"product_brand":[],"product_cat":[41,61],"product_tag":[],"class_list":{"0":"post-6247","1":"product","2":"type-product","3":"status-publish","4":"has-post-thumbnail","6":"product_cat-acil-aydinlatma","7":"product_cat-acil-aydinlatma-acil-aydinlatma","9":"first","10":"instock","11":"shipping-taxable","12":"product-type-simple"},"jetpack_sharing_enabled":true,"_links":{"self":[{"href":"https:\/\/parklight.com.tr\/index.php?rest_route=\/wp\/v2\/product\/6247","targetHints":{"allow":["GET"]}}],"collection":[{"href":"https:\/\/parklight.com.tr\/index.php?rest_route=\/wp\/v2\/product"}],"about":[{"href":"https:\/\/parklight.com.tr\/index.php?rest_route=\/wp\/v2\/types\/product"}],"wp:featuredmedia":[{"embeddable":true,"href":"https:\/\/parklight.com.tr\/index.php?rest_route=\/wp\/v2\/media\/6250"}],"wp:attachment":[{"href":"https:\/\/parklight.com.tr\/index.php?rest_route=%2Fwp%2Fv2%2Fmedia&parent=6247"}],"wp:term":[{"taxonomy":"product_brand","embeddable":true,"href":"https:\/\/parklight.com.tr\/index.php?rest_route=%2Fwp%2Fv2%2Fproduct_brand&post=6247"},{"taxonomy":"product_cat","embeddable":true,"href":"https:\/\/parklight.com.tr\/index.php?rest_route=%2Fwp%2Fv2%2Fproduct_cat&post=6247"},{"taxonomy":"product_tag","embeddable":true,"href":"https:\/\/parklight.com.tr\/index.php?rest_route=%2Fwp%2Fv2%2Fproduct_tag&post=6247"}],"curies":[{"name":"wp","href":"https:\/\/api.w.org\/{rel}","templated":true}]}}