{"id":6252,"date":"2026-03-26T08:37:32","date_gmt":"2026-03-26T08:37:32","guid":{"rendered":"https:\/\/parklight.com.tr\/?post_type=product&#038;p=6252"},"modified":"2026-03-26T08:37:32","modified_gmt":"2026-03-26T08:37:32","slug":"gine-cre","status":"publish","type":"product","link":"https:\/\/parklight.com.tr\/?product=gine-cre","title":{"rendered":"GINE CRE"},"content":{"rendered":"","protected":false},"excerpt":{"rendered":"<p><strong data-start=\"98\" data-end=\"151\">EN 1838 standard\u0131na uygun acil durum ayd\u0131nlatmas\u0131<\/strong><br data-start=\"151\" data-end=\"154\" \/>UV dayan\u0131ml\u0131 termoplastik PC g\u00f6vde<br data-start=\"188\" data-end=\"191\" \/>S\u0131va \u00fcst\u00fc tavana kolay montaj imk\u00e2n\u0131<br data-start=\"227\" data-end=\"230\" \/>2,5 \u2013 8 m tavan y\u00fcksekli\u011fine sahip alanlar i\u00e7in uygundur<br data-start=\"286\" data-end=\"289\" data-is-only-node=\"\" \/>Y\u00fcksek performansl\u0131 lityum-iyon pil<br data-start=\"324\" data-end=\"327\" \/>Y\u00fcksek CRI de\u011ferine sahip, 240 lm LED ayd\u0131nlatma<br data-start=\"375\" data-end=\"378\" \/>Acil durumda 3 saate kadar kesintisiz \u00e7al\u0131\u015fma s\u00fcresi<br data-start=\"430\" data-end=\"433\" \/>Opsiyonel DALI uyumlu otomasyon sistemlerine entegrasyon<br data-start=\"489\" data-end=\"492\" \/>RAL 9016 beyaz renk g\u00f6vde<br data-start=\"517\" data-end=\"520\" \/>T\u00dcV, CE, EAC ve yang\u0131n sertifikalar\u0131na sahiptir<br data-start=\"567\" data-end=\"570\" \/>EN 60598-1, EN 60598-2-22, EN 61347-2-7, EN 61347-1 standartlar\u0131na uygundur<\/p>\n","protected":false},"featured_media":6250,"template":"","meta":{"advanced_seo_description":"","jetpack_seo_html_title":"","jetpack_seo_noindex":false},"product_brand":[],"product_cat":[41,61],"product_tag":[],"class_list":{"0":"post-6252","1":"product","2":"type-product","3":"status-publish","4":"has-post-thumbnail","6":"product_cat-acil-aydinlatma","7":"product_cat-acil-aydinlatma-acil-aydinlatma","9":"first","10":"instock","11":"shipping-taxable","12":"product-type-simple"},"jetpack_sharing_enabled":true,"_links":{"self":[{"href":"https:\/\/parklight.com.tr\/index.php?rest_route=\/wp\/v2\/product\/6252","targetHints":{"allow":["GET"]}}],"collection":[{"href":"https:\/\/parklight.com.tr\/index.php?rest_route=\/wp\/v2\/product"}],"about":[{"href":"https:\/\/parklight.com.tr\/index.php?rest_route=\/wp\/v2\/types\/product"}],"wp:featuredmedia":[{"embeddable":true,"href":"https:\/\/parklight.com.tr\/index.php?rest_route=\/wp\/v2\/media\/6250"}],"wp:attachment":[{"href":"https:\/\/parklight.com.tr\/index.php?rest_route=%2Fwp%2Fv2%2Fmedia&parent=6252"}],"wp:term":[{"taxonomy":"product_brand","embeddable":true,"href":"https:\/\/parklight.com.tr\/index.php?rest_route=%2Fwp%2Fv2%2Fproduct_brand&post=6252"},{"taxonomy":"product_cat","embeddable":true,"href":"https:\/\/parklight.com.tr\/index.php?rest_route=%2Fwp%2Fv2%2Fproduct_cat&post=6252"},{"taxonomy":"product_tag","embeddable":true,"href":"https:\/\/parklight.com.tr\/index.php?rest_route=%2Fwp%2Fv2%2Fproduct_tag&post=6252"}],"curies":[{"name":"wp","href":"https:\/\/api.w.org\/{rel}","templated":true}]}}