{"id":6259,"date":"2026-04-16T21:30:09","date_gmt":"2026-04-16T21:30:09","guid":{"rendered":"https:\/\/parklight.com.tr\/?post_type=product&#038;p=6259"},"modified":"2026-04-16T21:30:52","modified_gmt":"2026-04-16T21:30:52","slug":"endirek-armatur","status":"publish","type":"product","link":"https:\/\/parklight.com.tr\/?product=endirek-armatur","title":{"rendered":"Endirek Armat\u00fcr"},"content":{"rendered":"<table>\n<thead>\n<tr>\n<th>\u00d6zellik<\/th>\n<th>A\u00e7\u0131klama<\/th>\n<\/tr>\n<\/thead>\n<tbody>\n<tr>\n<td>G\u00f6vde Tipi<\/td>\n<td>Elektrostatik Toz Boyal\u0131 DKP Sac 0,70 mm<\/td>\n<\/tr>\n<tr>\n<td>G\u00f6vde Rengi<\/td>\n<td>Standart Sinyal Beyaz (RAL 9003)<\/td>\n<\/tr>\n<tr>\n<td>I\u015f\u0131k Rengi<\/td>\n<td>3000K \/ 4000K \/ 6500K (Standart: 4000K)<\/td>\n<\/tr>\n<tr>\n<td>IP S\u0131n\u0131f\u0131<\/td>\n<td>IP40 \/ IP40<\/td>\n<\/tr>\n<tr>\n<td>Renksel Geri Verim (CRI)<\/td>\n<td>&gt;80<\/td>\n<\/tr>\n<tr>\n<td>Dif\u00fcz\u00f6r<\/td>\n<td>Yongtek PA-7572 Led Dif\u00fcz\u00f6r<\/td>\n<\/tr>\n<tr>\n<td>LED \u00d6mr\u00fc<\/td>\n<td>50.000 Saat<\/td>\n<\/tr>\n<tr>\n<td>G\u00fc\u00e7 Fakt\u00f6r\u00fc<\/td>\n<td>&gt;0,95<\/td>\n<\/tr>\n<tr>\n<td>Giri\u015f Gerilimi<\/td>\n<td>220-240V AC 50Hz<\/td>\n<\/tr>\n<tr>\n<td>S\u00fcr\u00fcc\u00fc<\/td>\n<td>Osram ELEMENT 40\/220\u2026240\/350 CS L<\/td>\n<\/tr>\n<tr>\n<td>LED Chip<\/td>\n<td>Osram Duris E 2835 SMD LED<\/td>\n<\/tr>\n<tr>\n<td>Kontrol Tipi<\/td>\n<td>ON\/OFF, DALI, 1-10V, 0-10V veya KNX<\/td>\n<\/tr>\n<tr>\n<td>Kablo<\/td>\n<td>H05Z1-U 1mm Halojensiz<\/td>\n<\/tr>\n<tr>\n<td>Klemens<\/td>\n<td>Wago 294-4413 \/ Wago 294-4413<\/td>\n<\/tr>\n<tr>\n<td>Uygulama Alan\u0131<\/td>\n<td>Al\u00e7\u0131pan Tavan, Ta\u015f\u0131y\u0131c\u0131 Tavan, Clip-in Tavan<\/td>\n<\/tr>\n<\/tbody>\n<\/table>\n","protected":false},"excerpt":{"rendered":"<table>\n<thead>\n<tr>\n<th>\u00dcr\u00fcn Kodu<\/th>\n<th>Tip<\/th>\n<th>G\u00fc\u00e7 (W)<\/th>\n<th>I\u015f\u0131k Ak\u0131s\u0131 (lm)<\/th>\n<th>En (mm)<\/th>\n<th>Boy (mm)<\/th>\n<th>Y\u00fckseklik (mm)<\/th>\n<\/tr>\n<\/thead>\n<tbody>\n<tr>\n<td>PGP-END-6060-45-NW<\/td>\n<td>60&#215;60<\/td>\n<td>45W<\/td>\n<td>4500 lm<\/td>\n<td>575 (Al\u00e7\u0131pan)<\/td>\n<td>575<\/td>\n<td>65<\/td>\n<\/tr>\n<tr>\n<td>PGP-END-6060-45-NW-DA<\/td>\n<td>60&#215;60<\/td>\n<td>45W<\/td>\n<td>4500 lm<\/td>\n<td>560 (Ta\u015f\u0131y\u0131c\u0131)<\/td>\n<td>560<\/td>\n<td>65<\/td>\n<\/tr>\n<\/tbody>\n<\/table>\n","protected":false},"featured_media":6260,"template":"","meta":{"advanced_seo_description":"","jetpack_seo_html_title":"","jetpack_seo_noindex":false},"product_brand":[],"product_cat":[38,49],"product_tag":[],"class_list":{"0":"post-6259","1":"product","2":"type-product","3":"status-publish","4":"has-post-thumbnail","6":"product_cat-ic-mekan-aydinlatma","7":"product_cat-steril","9":"first","10":"instock","11":"shipping-taxable","12":"product-type-simple"},"jetpack_sharing_enabled":true,"_links":{"self":[{"href":"https:\/\/parklight.com.tr\/index.php?rest_route=\/wp\/v2\/product\/6259","targetHints":{"allow":["GET"]}}],"collection":[{"href":"https:\/\/parklight.com.tr\/index.php?rest_route=\/wp\/v2\/product"}],"about":[{"href":"https:\/\/parklight.com.tr\/index.php?rest_route=\/wp\/v2\/types\/product"}],"wp:featuredmedia":[{"embeddable":true,"href":"https:\/\/parklight.com.tr\/index.php?rest_route=\/wp\/v2\/media\/6260"}],"wp:attachment":[{"href":"https:\/\/parklight.com.tr\/index.php?rest_route=%2Fwp%2Fv2%2Fmedia&parent=6259"}],"wp:term":[{"taxonomy":"product_brand","embeddable":true,"href":"https:\/\/parklight.com.tr\/index.php?rest_route=%2Fwp%2Fv2%2Fproduct_brand&post=6259"},{"taxonomy":"product_cat","embeddable":true,"href":"https:\/\/parklight.com.tr\/index.php?rest_route=%2Fwp%2Fv2%2Fproduct_cat&post=6259"},{"taxonomy":"product_tag","embeddable":true,"href":"https:\/\/parklight.com.tr\/index.php?rest_route=%2Fwp%2Fv2%2Fproduct_tag&post=6259"}],"curies":[{"name":"wp","href":"https:\/\/api.w.org\/{rel}","templated":true}]}}